{"id":2641,"date":"2022-07-05T10:01:10","date_gmt":"2022-07-05T08:01:10","guid":{"rendered":"https:\/\/www.pilatesdelateteauxpieds.com\/?page_id=2641"},"modified":"2025-12-18T15:32:36","modified_gmt":"2025-12-18T14:32:36","slug":"les-professeur-du-studio-pilates-a-paris","status":"publish","type":"page","link":"https:\/\/www.pilatesdelateteauxpieds.com\/en\/les-professeur-du-studio-pilates-a-paris\/","title":{"rendered":"The teachers"},"content":{"rendered":"<section class=\"wpb-content-wrapper\"><div class=\"vc_row wpb_row vc_row-fluid\"><div class=\"wpb_column vc_column_container vc_col-sm-12 sc_layouts_column_icons_position_left\"><div class=\"vc_column-inner\"><div class=\"wpb_wrapper\">\n\t<div  class=\"wpb_single_image wpb_content_element vc_align_center\">\n\t\t\n\t\t<figure class=\"wpb_wrapper vc_figure\">\n\t\t\t<div class=\"vc_single_image-wrapper   vc_box_border_grey\"><img loading=\"lazy\" decoding=\"async\" width=\"1280\" height=\"853\" src=\"https:\/\/www.pilatesdelateteauxpieds.com\/wp-content\/uploads\/2025\/12\/PHOTO-2025-12-18-15-09-34-3.jpg\" class=\"vc_single_image-img attachment-full\" alt=\"\" title=\"Portrait de groupe professeures de Pilates\" srcset=\"https:\/\/www.pilatesdelateteauxpieds.com\/wp-content\/uploads\/2025\/12\/PHOTO-2025-12-18-15-09-34-3.jpg 1280w, https:\/\/www.pilatesdelateteauxpieds.com\/wp-content\/uploads\/2025\/12\/PHOTO-2025-12-18-15-09-34-3-300x200.jpg 300w, https:\/\/www.pilatesdelateteauxpieds.com\/wp-content\/uploads\/2025\/12\/PHOTO-2025-12-18-15-09-34-3-1024x682.jpg 1024w, https:\/\/www.pilatesdelateteauxpieds.com\/wp-content\/uploads\/2025\/12\/PHOTO-2025-12-18-15-09-34-3-150x100.jpg 150w, https:\/\/www.pilatesdelateteauxpieds.com\/wp-content\/uploads\/2025\/12\/PHOTO-2025-12-18-15-09-34-3-768x512.jpg 768w, https:\/\/www.pilatesdelateteauxpieds.com\/wp-content\/uploads\/2025\/12\/PHOTO-2025-12-18-15-09-34-3-18x12.jpg 18w, https:\/\/www.pilatesdelateteauxpieds.com\/wp-content\/uploads\/2025\/12\/PHOTO-2025-12-18-15-09-34-3-370x247.jpg 370w, https:\/\/www.pilatesdelateteauxpieds.com\/wp-content\/uploads\/2025\/12\/PHOTO-2025-12-18-15-09-34-3-760x506.jpg 760w\" sizes=\"auto, (max-width: 1280px) 100vw, 1280px\" \/><\/div>\n\t\t<\/figure>\n\t<\/div>\n<div class=\"vc_empty_space  height_tiny\"   style=\"height: 32px\"><span class=\"vc_empty_space_inner\"><\/span><\/div><div class=\"sc_team sc_team_default\" data-slides-per-view=\"2\" data-slides-min-width=\"150\"\t\t>\n\t\t<div class=\"sc_item_descr sc_team_descr sc_align_left\">The Pilates from head to toes studio offers classes with different teachers. Each teacher has their own style of practicing pilates.<\/div><div class=\"sc_team_columns sc_item_columns trx_addons_columns_wrap columns_padding_bottom\"><div class=\"trx_addons_column-1_2\"><div class=\"sc_team_item\">\n\t<div class=\"post_featured with_thumb hover_icon sc_team_item_thumb\"><img loading=\"lazy\" decoding=\"async\" width=\"1333\" height=\"2000\" src=\"https:\/\/www.pilatesdelateteauxpieds.com\/wp-content\/uploads\/2026\/04\/Emily_02_OK_1333_2000_0d54452f-758d-499c-9c53-197e28271dfa.jpeg\" class=\"attachment-nirvana-axiom-thumb-avatar size-nirvana-axiom-thumb-avatar wp-post-image\" alt=\"Emily Mazo-Rizzi\" srcset=\"https:\/\/www.pilatesdelateteauxpieds.com\/wp-content\/uploads\/2026\/04\/Emily_02_OK_1333_2000_0d54452f-758d-499c-9c53-197e28271dfa.jpeg 1333w, https:\/\/www.pilatesdelateteauxpieds.com\/wp-content\/uploads\/2026\/04\/Emily_02_OK_1333_2000_0d54452f-758d-499c-9c53-197e28271dfa-200x300.jpeg 200w, https:\/\/www.pilatesdelateteauxpieds.com\/wp-content\/uploads\/2026\/04\/Emily_02_OK_1333_2000_0d54452f-758d-499c-9c53-197e28271dfa-682x1024.jpeg 682w, https:\/\/www.pilatesdelateteauxpieds.com\/wp-content\/uploads\/2026\/04\/Emily_02_OK_1333_2000_0d54452f-758d-499c-9c53-197e28271dfa-100x150.jpeg 100w, https:\/\/www.pilatesdelateteauxpieds.com\/wp-content\/uploads\/2026\/04\/Emily_02_OK_1333_2000_0d54452f-758d-499c-9c53-197e28271dfa-768x1152.jpeg 768w, https:\/\/www.pilatesdelateteauxpieds.com\/wp-content\/uploads\/2026\/04\/Emily_02_OK_1333_2000_0d54452f-758d-499c-9c53-197e28271dfa-1024x1536.jpeg 1024w, https:\/\/www.pilatesdelateteauxpieds.com\/wp-content\/uploads\/2026\/04\/Emily_02_OK_1333_2000_0d54452f-758d-499c-9c53-197e28271dfa-8x12.jpeg 8w, https:\/\/www.pilatesdelateteauxpieds.com\/wp-content\/uploads\/2026\/04\/Emily_02_OK_1333_2000_0d54452f-758d-499c-9c53-197e28271dfa-370x555.jpeg 370w, https:\/\/www.pilatesdelateteauxpieds.com\/wp-content\/uploads\/2026\/04\/Emily_02_OK_1333_2000_0d54452f-758d-499c-9c53-197e28271dfa-760x1140.jpeg 760w\" sizes=\"auto, (max-width: 1333px) 100vw, 1333px\" \/><div class=\"mask\"><\/div><div class=\"icons\"><a href=\"https:\/\/www.pilatesdelateteauxpieds.com\/en\/team\/emily-mazo-rizzi\/\" aria-hidden=\"true\" class=\"icon-search-alt\"><\/a><\/div><\/div>\t<div class=\"sc_team_item_info\">\n\t\t<div class=\"sc_team_item_header\">\n\t\t\t<div class=\"sc_team_item_subtitle\">Founder and teacher<\/div>\n\t\t\t<h4 class=\"sc_team_item_title\"><a href=\"https:\/\/www.pilatesdelateteauxpieds.com\/en\/team\/emily-mazo-rizzi\/\">Emily Mazo-Rizzi<\/a><\/h4>\n\t\t<\/div>\n\t\t<div class=\"sc_team_item_content\"><p>Emily est la fondatrice du studio Pilates de la t\u00eate aux pieds. Son objectif en tant qu&#8217;enseignante de la m\u00e9thode Pilates est d&#8217;aider chacun \u00e0 se sentir plus \u00e0 l&#8217;aise dans son propre corps, de comprendre comment il fonctionne mieux et comment faire pour le garder fort et sain dans la dur\u00e9e.<\/p>\n<\/div>\n\t\t\t\t<div class=\"sc_team_item_button\"><a href=\"https:\/\/www.pilatesdelateteauxpieds.com\/en\/team\/emily-mazo-rizzi\/\" class=\"sc_button sc_button_simple\">Learn more<\/a><\/div>\n\t<\/div>\n<\/div>\n<\/div><div class=\"trx_addons_column-1_2\"><div class=\"sc_team_item\">\n\t<div class=\"post_featured with_thumb hover_icon sc_team_item_thumb\"><img loading=\"lazy\" decoding=\"async\" width=\"1664\" height=\"1664\" src=\"https:\/\/www.pilatesdelateteauxpieds.com\/wp-content\/uploads\/2022\/07\/cecile_carre_04.jpg\" class=\"attachment-nirvana-axiom-thumb-avatar size-nirvana-axiom-thumb-avatar wp-post-image\" alt=\"C\u00e9cile Angleraud\" srcset=\"https:\/\/www.pilatesdelateteauxpieds.com\/wp-content\/uploads\/2022\/07\/cecile_carre_04.jpg 1664w, https:\/\/www.pilatesdelateteauxpieds.com\/wp-content\/uploads\/2022\/07\/cecile_carre_04-300x300.jpg 300w, https:\/\/www.pilatesdelateteauxpieds.com\/wp-content\/uploads\/2022\/07\/cecile_carre_04-1024x1024.jpg 1024w, https:\/\/www.pilatesdelateteauxpieds.com\/wp-content\/uploads\/2022\/07\/cecile_carre_04-150x150.jpg 150w, https:\/\/www.pilatesdelateteauxpieds.com\/wp-content\/uploads\/2022\/07\/cecile_carre_04-768x768.jpg 768w, https:\/\/www.pilatesdelateteauxpieds.com\/wp-content\/uploads\/2022\/07\/cecile_carre_04-1536x1536.jpg 1536w, https:\/\/www.pilatesdelateteauxpieds.com\/wp-content\/uploads\/2022\/07\/cecile_carre_04-12x12.jpg 12w, https:\/\/www.pilatesdelateteauxpieds.com\/wp-content\/uploads\/2022\/07\/cecile_carre_04-370x370.jpg 370w, https:\/\/www.pilatesdelateteauxpieds.com\/wp-content\/uploads\/2022\/07\/cecile_carre_04-90x90.jpg 90w, https:\/\/www.pilatesdelateteauxpieds.com\/wp-content\/uploads\/2022\/07\/cecile_carre_04-760x760.jpg 760w\" sizes=\"auto, (max-width: 1664px) 100vw, 1664px\" \/><div class=\"mask\"><\/div><div class=\"icons\"><a href=\"https:\/\/www.pilatesdelateteauxpieds.com\/en\/team\/cecile-angleraud\/\" aria-hidden=\"true\" class=\"icon-search-alt\"><\/a><\/div><\/div>\t<div class=\"sc_team_item_info\">\n\t\t<div class=\"sc_team_item_header\">\n\t\t\t<div class=\"sc_team_item_subtitle\">Professeur de pilates<\/div>\n\t\t\t<h4 class=\"sc_team_item_title\"><a href=\"https:\/\/www.pilatesdelateteauxpieds.com\/en\/team\/cecile-angleraud\/\">C\u00e9cile Angleraud<\/a><\/h4>\n\t\t<\/div>\n\t\t<div class=\"sc_team_item_content\"><p>En tant que danseuse, mes cours sont le fruit des diff\u00e9rentes exp\u00e9riences acquises au fil des ann\u00e9es : danse contemporaine et pratiques douces (Pilates, Gyrotonic et Garuda).<br \/>\nChaque semaine en alternance : 1 cours AVEC accessoire (petit ballon, \u00e9lastique, cercle, briques, rouleaux) et 1 cours SANS accessoire.<br \/>\nJe suis membre de la F\u00e9d\u00e9ration fran\u00e7aise de Pilates.<\/p>\n<\/div>\n\t\t\t\t<div class=\"sc_team_item_button\"><a href=\"https:\/\/www.pilatesdelateteauxpieds.com\/en\/team\/cecile-angleraud\/\" class=\"sc_button sc_button_simple\">Learn more<\/a><\/div>\n\t<\/div>\n<\/div>\n<\/div><div class=\"trx_addons_column-1_2\"><div class=\"sc_team_item\">\n\t<div class=\"post_featured with_thumb hover_icon sc_team_item_thumb\"><img loading=\"lazy\" decoding=\"async\" width=\"1644\" height=\"1644\" src=\"https:\/\/www.pilatesdelateteauxpieds.com\/wp-content\/uploads\/2022\/10\/Fatima_1.jpg\" class=\"attachment-nirvana-axiom-thumb-avatar size-nirvana-axiom-thumb-avatar wp-post-image\" alt=\"Fatima N\u2019Doye\" srcset=\"https:\/\/www.pilatesdelateteauxpieds.com\/wp-content\/uploads\/2022\/10\/Fatima_1.jpg 1644w, https:\/\/www.pilatesdelateteauxpieds.com\/wp-content\/uploads\/2022\/10\/Fatima_1-300x300.jpg 300w, https:\/\/www.pilatesdelateteauxpieds.com\/wp-content\/uploads\/2022\/10\/Fatima_1-1024x1024.jpg 1024w, https:\/\/www.pilatesdelateteauxpieds.com\/wp-content\/uploads\/2022\/10\/Fatima_1-150x150.jpg 150w, https:\/\/www.pilatesdelateteauxpieds.com\/wp-content\/uploads\/2022\/10\/Fatima_1-768x768.jpg 768w, https:\/\/www.pilatesdelateteauxpieds.com\/wp-content\/uploads\/2022\/10\/Fatima_1-1536x1536.jpg 1536w, https:\/\/www.pilatesdelateteauxpieds.com\/wp-content\/uploads\/2022\/10\/Fatima_1-12x12.jpg 12w, https:\/\/www.pilatesdelateteauxpieds.com\/wp-content\/uploads\/2022\/10\/Fatima_1-370x370.jpg 370w, https:\/\/www.pilatesdelateteauxpieds.com\/wp-content\/uploads\/2022\/10\/Fatima_1-90x90.jpg 90w, https:\/\/www.pilatesdelateteauxpieds.com\/wp-content\/uploads\/2022\/10\/Fatima_1-760x760.jpg 760w\" sizes=\"auto, (max-width: 1644px) 100vw, 1644px\" \/><div class=\"mask\"><\/div><div class=\"icons\"><a href=\"https:\/\/www.pilatesdelateteauxpieds.com\/en\/team\/fatima-ndoye\/\" aria-hidden=\"true\" class=\"icon-search-alt\"><\/a><\/div><\/div>\t<div class=\"sc_team_item_info\">\n\t\t<div class=\"sc_team_item_header\">\n\t\t\t<div class=\"sc_team_item_subtitle\">Professeur de pilates<\/div>\n\t\t\t<h4 class=\"sc_team_item_title\"><a href=\"https:\/\/www.pilatesdelateteauxpieds.com\/en\/team\/fatima-ndoye\/\">Fatima N\u2019Doye<\/a><\/h4>\n\t\t<\/div>\n\t\t<div class=\"sc_team_item_content\"><p>Le corps en mouvement a toujours pris une place essentielle dans ma vie, \u00e0 travers mon parcours d\u2019interpr\u00e8te avant de devenir chor\u00e9graphe, puis professeur de danse. Ces exp\u00e9riences m\u2019ont conduites \u00e0 d\u00e9couvrir le Pilates et ses nombreux bienfaits.<\/p>\n<\/div>\n\t\t\t\t<div class=\"sc_team_item_button\"><a href=\"https:\/\/www.pilatesdelateteauxpieds.com\/en\/team\/fatima-ndoye\/\" class=\"sc_button sc_button_simple\">Learn more<\/a><\/div>\n\t<\/div>\n<\/div>\n<\/div><div class=\"trx_addons_column-1_2\"><div class=\"sc_team_item\">\n\t<div class=\"post_featured with_thumb hover_icon sc_team_item_thumb\"><img loading=\"lazy\" decoding=\"async\" width=\"1664\" height=\"1663\" src=\"https:\/\/www.pilatesdelateteauxpieds.com\/wp-content\/uploads\/2023\/02\/Keiko_1.jpg\" class=\"attachment-nirvana-axiom-thumb-avatar size-nirvana-axiom-thumb-avatar wp-post-image\" alt=\"Keiko Abe-Pottier\" srcset=\"https:\/\/www.pilatesdelateteauxpieds.com\/wp-content\/uploads\/2023\/02\/Keiko_1.jpg 1664w, https:\/\/www.pilatesdelateteauxpieds.com\/wp-content\/uploads\/2023\/02\/Keiko_1-300x300.jpg 300w, https:\/\/www.pilatesdelateteauxpieds.com\/wp-content\/uploads\/2023\/02\/Keiko_1-1024x1024.jpg 1024w, https:\/\/www.pilatesdelateteauxpieds.com\/wp-content\/uploads\/2023\/02\/Keiko_1-150x150.jpg 150w, https:\/\/www.pilatesdelateteauxpieds.com\/wp-content\/uploads\/2023\/02\/Keiko_1-768x768.jpg 768w, https:\/\/www.pilatesdelateteauxpieds.com\/wp-content\/uploads\/2023\/02\/Keiko_1-1536x1536.jpg 1536w, https:\/\/www.pilatesdelateteauxpieds.com\/wp-content\/uploads\/2023\/02\/Keiko_1-12x12.jpg 12w, https:\/\/www.pilatesdelateteauxpieds.com\/wp-content\/uploads\/2023\/02\/Keiko_1-370x370.jpg 370w, https:\/\/www.pilatesdelateteauxpieds.com\/wp-content\/uploads\/2023\/02\/Keiko_1-90x90.jpg 90w, https:\/\/www.pilatesdelateteauxpieds.com\/wp-content\/uploads\/2023\/02\/Keiko_1-760x760.jpg 760w\" sizes=\"auto, (max-width: 1664px) 100vw, 1664px\" \/><div class=\"mask\"><\/div><div class=\"icons\"><a href=\"https:\/\/www.pilatesdelateteauxpieds.com\/en\/team\/keiko-abe-pottier\/\" aria-hidden=\"true\" class=\"icon-search-alt\"><\/a><\/div><\/div>\t<div class=\"sc_team_item_info\">\n\t\t<div class=\"sc_team_item_header\">\n\t\t\t<div class=\"sc_team_item_subtitle\">Professeur de pilates<\/div>\n\t\t\t<h4 class=\"sc_team_item_title\"><a href=\"https:\/\/www.pilatesdelateteauxpieds.com\/en\/team\/keiko-abe-pottier\/\">Keiko Abe-Pottier<\/a><\/h4>\n\t\t<\/div>\n\t\t<div class=\"sc_team_item_content\"><p>Keiko a d\u00e9couvert la m\u00e9thode Pilates en tant que danseuse pour progresser et \u00e9viter les blessures. Elle est certifi\u00e9e pour enseigner sur Tapis, Reformer, Cadillac, et Chaise par le Studio A-Lyne.<\/p>\n<\/div>\n\t\t\t\t<div class=\"sc_team_item_button\"><a href=\"https:\/\/www.pilatesdelateteauxpieds.com\/en\/team\/keiko-abe-pottier\/\" class=\"sc_button sc_button_simple\">Learn more<\/a><\/div>\n\t<\/div>\n<\/div>\n<\/div><\/div><div class=\"sc_item_button sc_item_button_simple sc_team_button sc_align_left sc_button_wrap\"><a href=\"https:\/\/www.pilatesdelateteauxpieds.com\/en\/planning-des-cours-de-pilates-paris\/\" id=\"sc_button_1549802558\" class=\"sc_button sc_button_simple sc_button_size_normal sc_button_icon_left\"><span class=\"sc_button_text\"><span class=\"sc_button_title\">Schedule<\/span><\/span><!-- \/.sc_button_text --><\/a><!-- \/.sc_button --><\/div><!-- \/.sc_item_button sc_item_button_simple sc_team_button sc_align_left --><\/div><!-- \/.sc_team --><\/div><\/div><\/div><\/div>\n<\/section>","protected":false},"excerpt":{"rendered":"Keiko a d\u00e9couvert la m\u00e9thode Pilates en tant que danseuse pour progresser et \u00e9viter les blessures. Elle est certifi\u00e9e pour enseigner sur Tapis, Reformer, Cadillac, et Chaise par le Studio A-Lyne. Elle est aussi certifi\u00e9e en Pilates Pr\u00e9 et Post Natal de Carolyne Anthony\/The Center for Women\u2019s Fitness. Elle aime partager ses connaissances et accompagner ses clients pour am\u00e9liorer la&hellip;","protected":false},"author":7,"featured_media":0,"parent":0,"menu_order":0,"comment_status":"closed","ping_status":"closed","template":"","meta":{"footnotes":""},"class_list":["post-2641","page","type-page","status-publish","hentry"],"_links":{"self":[{"href":"https:\/\/www.pilatesdelateteauxpieds.com\/en\/wp-json\/wp\/v2\/pages\/2641","targetHints":{"allow":["GET"]}}],"collection":[{"href":"https:\/\/www.pilatesdelateteauxpieds.com\/en\/wp-json\/wp\/v2\/pages"}],"about":[{"href":"https:\/\/www.pilatesdelateteauxpieds.com\/en\/wp-json\/wp\/v2\/types\/page"}],"author":[{"embeddable":true,"href":"https:\/\/www.pilatesdelateteauxpieds.com\/en\/wp-json\/wp\/v2\/users\/7"}],"replies":[{"embeddable":true,"href":"https:\/\/www.pilatesdelateteauxpieds.com\/en\/wp-json\/wp\/v2\/comments?post=2641"}],"version-history":[{"count":15,"href":"https:\/\/www.pilatesdelateteauxpieds.com\/en\/wp-json\/wp\/v2\/pages\/2641\/revisions"}],"predecessor-version":[{"id":3053,"href":"https:\/\/www.pilatesdelateteauxpieds.com\/en\/wp-json\/wp\/v2\/pages\/2641\/revisions\/3053"}],"wp:attachment":[{"href":"https:\/\/www.pilatesdelateteauxpieds.com\/en\/wp-json\/wp\/v2\/media?parent=2641"}],"curies":[{"name":"wp","href":"https:\/\/api.w.org\/{rel}","templated":true}]}}