{"id":2019,"date":"2021-05-12T17:44:42","date_gmt":"2021-05-12T15:44:42","guid":{"rendered":"http:\/\/pilatesdelateteauxpieds.com\/?page_id=2019"},"modified":"2021-11-09T22:41:47","modified_gmt":"2021-11-09T21:41:47","slug":"mise-a-disposition-location-studio-pilates","status":"publish","type":"page","link":"https:\/\/www.pilatesdelateteauxpieds.com\/en\/mise-a-disposition-location-studio-pilates\/","title":{"rendered":"Studio Rental for Professionals"},"content":{"rendered":"<section class=\"wpb-content-wrapper\"><div data-vc-full-width=\"true\" data-vc-full-width-init=\"false\" class=\"vc_row wpb_row vc_row-fluid\"><div class=\"wpb_column vc_column_container vc_col-sm-12 sc_layouts_column_icons_position_left\"><div class=\"vc_column-inner\"><div class=\"wpb_wrapper\">\n\t<div class=\"wpb_text_column wpb_content_element\" >\n\t\t<div class=\"wpb_wrapper\">\n\t\t\t<p style=\"text-align: center;\">Are you looking for a place to practice your professional wellness or sports activity in Paris?<\/p>\n<p style=\"text-align: center;\">Don't look further, the studio Pilates from Head to Toe is the place for you!<\/p>\n\n\t\t<\/div>\n\t<\/div>\n<div class=\"vc_empty_space\"   style=\"height: 64px\"><span class=\"vc_empty_space_inner\"><\/span><\/div><\/div><\/div><\/div><\/div><div class=\"vc_row-full-width vc_clearfix\"><\/div><div class=\"vc_row wpb_row vc_row-fluid\"><div class=\"wpb_column vc_column_container vc_col-sm-6 sc_layouts_column_icons_position_left\"><div class=\"vc_column-inner\"><div class=\"wpb_wrapper\">\t<div id=\"sc_image_1064959290\"\n\t\t\tclass=\"sc_image sc_image_default\"><img decoding=\"async\" src=\"https:\/\/www.pilatesdelateteauxpieds.com\/wp-content\/uploads\/2021\/05\/pilatesdelateteauxpieds-studio-pilates-de-la-tete-aux-pieds-01-1170x898.jpg\" alt=\"\"><\/div><!-- \/.sc_image -->\t\n<div class=\"vc_empty_space\"   style=\"height: 3em\"><span class=\"vc_empty_space_inner\"><\/span><\/div><\/div><\/div><\/div><div class=\"wpb_column vc_column_container vc_col-sm-6 sc_layouts_column_icons_position_left\"><div class=\"vc_column-inner\"><div class=\"wpb_wrapper\">\n\t<div class=\"wpb_text_column wpb_content_element  vc_custom_1636493978057\" >\n\t\t<div class=\"wpb_wrapper\">\n\t\t\t<p>The studio can be made available to qualified professionals specializing in many fields: Pilates, Yoga, Sophrology, massage therapists, etc. within the framework of weekly or daily classes or consultations or for workshops on an ad hoc or regular basis.<\/p>\n<p>The studio is located at the heart of the Montorgeuil district in central Paris, close to metro stops R\u00e9aumur-S\u00e9bastopol, Strasbourg Saint-Denis and Sentier.<\/p>\n<p>Please contact Emily for more information and pricing by phone +33 6 72 82 76 25 or email: emily@pilatesdelateteauxpieds.com.<\/p>\n\n\t\t<\/div>\n\t<\/div>\n<div class=\"vc_empty_space\"   style=\"height: 2em\"><span class=\"vc_empty_space_inner\"><\/span><\/div><div class=\"sc_item_button sc_button_wrap\"><a href=\"https:\/\/www.pilatesdelateteauxpieds.com\/en\/contact-reservation-cours-pilates-paris\/\" id=\"sc_button_559515227\" class=\"sc_button sc_button_accent sc_button_size_small sc_button_icon_left\"><span class=\"sc_button_text\"><span class=\"sc_button_title\">Contact Emily<\/span><\/span><!-- \/.sc_button_text --><\/a><!-- \/.sc_button --><\/div><!-- \/.sc_item_button --><div class=\"vc_empty_space\"   style=\"height: 2em\"><span class=\"vc_empty_space_inner\"><\/span><\/div><\/div><\/div><\/div><\/div>\n<\/section>","protected":false},"excerpt":{"rendered":"Vous \u00eates \u00e0 la recherche d'un lieu pour pratiquer votre activit\u00e9 professionnelle de bien-\u00eatre ou sportive ? D\u00e9couvrez le studio Pilates de la t\u00eate aux pieds ! Le studio peut \u00eatre mis \u00e0 disposition \u00e0 d\u2019autre professionnels dipl\u00f4m\u00e9s et sp\u00e9cialis\u00e9s dans de nombreux domaines : Pilates, Yoga, Sophrologie, Masseurs bien-\u00eatre, etc. dans le cadre de cours ou consultations hebdomadaires, quotidiens&hellip;","protected":false},"author":7,"featured_media":0,"parent":0,"menu_order":0,"comment_status":"closed","ping_status":"closed","template":"","meta":{"footnotes":""},"class_list":["post-2019","page","type-page","status-publish","hentry"],"_links":{"self":[{"href":"https:\/\/www.pilatesdelateteauxpieds.com\/en\/wp-json\/wp\/v2\/pages\/2019","targetHints":{"allow":["GET"]}}],"collection":[{"href":"https:\/\/www.pilatesdelateteauxpieds.com\/en\/wp-json\/wp\/v2\/pages"}],"about":[{"href":"https:\/\/www.pilatesdelateteauxpieds.com\/en\/wp-json\/wp\/v2\/types\/page"}],"author":[{"embeddable":true,"href":"https:\/\/www.pilatesdelateteauxpieds.com\/en\/wp-json\/wp\/v2\/users\/7"}],"replies":[{"embeddable":true,"href":"https:\/\/www.pilatesdelateteauxpieds.com\/en\/wp-json\/wp\/v2\/comments?post=2019"}],"version-history":[{"count":10,"href":"https:\/\/www.pilatesdelateteauxpieds.com\/en\/wp-json\/wp\/v2\/pages\/2019\/revisions"}],"predecessor-version":[{"id":2364,"href":"https:\/\/www.pilatesdelateteauxpieds.com\/en\/wp-json\/wp\/v2\/pages\/2019\/revisions\/2364"}],"wp:attachment":[{"href":"https:\/\/www.pilatesdelateteauxpieds.com\/en\/wp-json\/wp\/v2\/media?parent=2019"}],"curies":[{"name":"wp","href":"https:\/\/api.w.org\/{rel}","templated":true}]}}