{"id":1913,"date":"2021-03-18T19:23:24","date_gmt":"2021-03-18T18:23:24","guid":{"rendered":"http:\/\/pilatesdelateteauxpieds.com\/?page_id=1913"},"modified":"2026-04-13T12:05:48","modified_gmt":"2026-04-13T10:05:48","slug":"tarifs-cours-de-pilates-paris","status":"publish","type":"page","link":"https:\/\/www.pilatesdelateteauxpieds.com\/en\/tarifs-cours-de-pilates-paris\/","title":{"rendered":"Rates"},"content":{"rendered":"<section class=\"wpb-content-wrapper\"><div class=\"vc_row wpb_row vc_row-fluid\"><div class=\"wpb_column vc_column_container vc_col-sm-12 sc_layouts_column_icons_position_left\"><div class=\"vc_column-inner\"><div class=\"wpb_wrapper\">\n\t<div class=\"wpb_text_column wpb_content_element\" >\n\t\t<div class=\"wpb_wrapper\">\n\t\t\t<p style=\"text-align: center;\">The studio is located at 192 rue Saint Denis, Paris 2nd on the first floor.<\/p>\n<p style=\"text-align: center;\">Payment is made in person after class by cash or check, or via bank transfer.<\/p>\n\n\t\t<\/div>\n\t<\/div>\n<div class=\"vc_empty_space  height_small\"   style=\"height: 32px\"><span class=\"vc_empty_space_inner\"><\/span><\/div><\/div><\/div><\/div><\/div><div class=\"vc_row wpb_row vc_row-fluid\"><div class=\"wpb_column vc_column_container vc_col-sm-12 sc_layouts_column_icons_position_left\"><div class=\"vc_column-inner\"><div class=\"wpb_wrapper\"><div id=\"sc_title_1922349562\"\n\t\tclass=\"sc_title sc_title_default hide_icon\"><h6 class=\"sc_item_subtitle sc_title_subtitle sc_align_center sc_item_title_style_default\">Rates<\/h6><h3 class=\"sc_item_title sc_title_title sc_align_center sc_item_title_style_default\">Class Passes<\/h3><\/div><!-- \/.sc_title --><\/div><\/div><\/div><\/div><div data-vc-full-width=\"true\" data-vc-full-width-init=\"false\" class=\"vc_row wpb_row vc_row-fluid vc_custom_1485967868163 vc_row-has-fill\"><div class=\"wpb_column vc_column_container vc_col-sm-4 sc_layouts_column_icons_position_left\"><div class=\"vc_column-inner\"><div class=\"wpb_wrapper\"><div  id=\"sc_price_94272619\" \n\tclass=\"sc_price sc_price_default  vc_custom_1702921599775\"><div class=\"sc_price_info\"><div class=\"sc_price_title\"><a href=\"https:\/\/www.pilatesdelateteauxpieds.com\/en\/contact-reservation-cours-pilates-paris\/\">Pass of 10 mat Pilates classes<\/a><\/div><div class=\"sc_price_price\"><span class=\"sc_price_value\">240 \u20ac<\/span><\/div><div class=\"sc_price_description\">2-8 participants per class. Valid for 5 months<\/div><a href=\"https:\/\/www.pilatesdelateteauxpieds.com\/en\/contact-reservation-cours-pilates-paris\/\" class=\"sc_price_link sc_button_inverse\" target=\"_blank\">Contact Emily<\/a><\/div>\n<\/div><div class=\"vc_empty_space\"   style=\"height: 2em\"><span class=\"vc_empty_space_inner\"><\/span><\/div><\/div><\/div><\/div><div class=\"wpb_column vc_column_container vc_col-sm-4 sc_layouts_column_icons_position_left\"><div class=\"vc_column-inner\"><div class=\"wpb_wrapper\"><div  id=\"sc_price_1579518722\" \n\tclass=\"sc_price sc_price_default  vc_custom_1702921612791\"><div class=\"sc_price_info\"><div class=\"sc_price_title\"><a href=\"https:\/\/www.pilatesdelateteauxpieds.com\/en\/contact-reservation-cours-pilates-paris\/\">Pass of 10 quartet Pilates classes<\/a><\/div><div class=\"sc_price_price\"><span class=\"sc_price_value\">380 \u20ac<\/span><\/div><div class=\"sc_price_description\">2-4 participants per course. Valid for 5 months<\/div><a href=\"https:\/\/www.pilatesdelateteauxpieds.com\/en\/contact-reservation-cours-pilates-paris\/\" class=\"sc_price_link sc_button_inverse\" target=\"_blank\">Contact Emily<\/a><\/div>\n<\/div><\/div><\/div><\/div><div class=\"wpb_column vc_column_container vc_col-sm-4 sc_layouts_column_icons_position_left\"><div class=\"vc_column-inner\"><div class=\"wpb_wrapper\"><div  id=\"sc_price_485382444\" \n\tclass=\"sc_price sc_price_default  vc_custom_1702921630371\"><div class=\"sc_price_info\"><div class=\"sc_price_title\"><a href=\"https:\/\/www.pilatesdelateteauxpieds.com\/en\/contact-reservation-cours-pilates-paris\/\">Pass of 10 On-line Pilates classes<\/a><\/div><div class=\"sc_price_price\"><span class=\"sc_price_value\">200 \u20ac<\/span><\/div><div class=\"sc_price_description\">3-10 participants per course. Valid for 5 months<\/div><a href=\"https:\/\/www.pilatesdelateteauxpieds.com\/en\/contact-reservation-cours-pilates-paris\/\" class=\"sc_price_link sc_button_inverse\" target=\"_blank\">Contact Emily<\/a><\/div>\n<\/div><div class=\"vc_empty_space\"   style=\"height: 2em\"><span class=\"vc_empty_space_inner\"><\/span><\/div><\/div><\/div><\/div><\/div><div class=\"vc_row-full-width vc_clearfix\"><\/div><div data-vc-full-width=\"true\" data-vc-full-width-init=\"false\" class=\"vc_row wpb_row vc_row-fluid vc_custom_1485967868163 vc_row-has-fill\"><div class=\"wpb_column vc_column_container vc_col-sm-4 sc_layouts_column_icons_position_left\"><div class=\"vc_column-inner\"><div class=\"wpb_wrapper\"><\/div><\/div><\/div><div class=\"wpb_column vc_column_container vc_col-sm-4 sc_layouts_column_icons_position_left\"><div class=\"vc_column-inner\"><div class=\"wpb_wrapper\"><div  id=\"sc_price_118321511\" \n\tclass=\"sc_price sc_price_default  vc_custom_1702921665196\"><div class=\"sc_price_info\"><div class=\"sc_price_title\"><a href=\"https:\/\/www.pilatesdelateteauxpieds.com\/en\/contact-reservation-cours-pilates-paris\/\">Pass of 10 mat Pilates classes for students<\/a><\/div><div class=\"sc_price_price\"><span class=\"sc_price_value\">220 \u20ac<\/span><\/div><div class=\"sc_price_description\">2-8 participants per course. Valid for 5 months. Discounted rate on presentation of a student card<\/div><a href=\"https:\/\/www.pilatesdelateteauxpieds.com\/en\/contact-reservation-cours-pilates-paris\/\" class=\"sc_price_link sc_button_inverse\" target=\"_blank\">Contact Emily<\/a><\/div>\n<\/div><div class=\"vc_empty_space\"   style=\"height: 2em\"><span class=\"vc_empty_space_inner\"><\/span><\/div><\/div><\/div><\/div><div class=\"wpb_column vc_column_container vc_col-sm-4 sc_layouts_column_icons_position_left\"><div class=\"vc_column-inner\"><div class=\"wpb_wrapper\"><\/div><\/div><\/div><\/div><div class=\"vc_row-full-width vc_clearfix\"><\/div><div data-vc-full-width=\"true\" data-vc-full-width-init=\"false\" class=\"vc_row wpb_row vc_row-fluid vc_custom_1485967860472 vc_row-has-fill\"><div class=\"wpb_column vc_column_container vc_col-sm-12 sc_layouts_column_icons_position_left\"><div class=\"vc_column-inner\"><div class=\"wpb_wrapper\"><div id=\"sc_title_372447886\"\n\t\tclass=\"sc_title sc_title_default hide_icon\"><h6 class=\"sc_item_subtitle sc_title_subtitle sc_align_center sc_item_title_style_default\">Rates<\/h6><h2 class=\"sc_item_title sc_title_title sc_align_center sc_item_title_style_default sc_item_title_tag\">Single classes rates<\/h2><\/div><!-- \/.sc_title --><\/div><\/div><\/div><\/div><div class=\"vc_row-full-width vc_clearfix\"><\/div><div data-vc-full-width=\"true\" data-vc-full-width-init=\"false\" class=\"vc_row wpb_row vc_row-fluid vc_custom_1485967868163 vc_row-has-fill\"><div class=\"wpb_column vc_column_container vc_col-sm-4 sc_layouts_column_icons_position_left\"><div class=\"vc_column-inner\"><div class=\"wpb_wrapper\"><div  id=\"sc_price_1793313116\" \n\tclass=\"sc_price sc_price_default  vc_custom_1702921723575\"><div class=\"sc_price_info\"><div class=\"sc_price_title\"><a href=\"https:\/\/booksteam.com\/customer\/BookNowClasses.aspx?k=77ca3132726&#038;modelGuid=1eb18b79-797e-4e70-97f6-4f81656deb9e&#038;\">Cours de Pilates tapis<\/a><\/div><div class=\"sc_price_price\"><span class=\"sc_price_value\">29 \u20ac<\/span><\/div><div class=\"sc_price_description\">2-8 participants par cours. Votre cours d'essai : 24\u20ac<\/div><a href=\"https:\/\/booksteam.com\/customer\/BookNowClasses.aspx?k=77ca3132726&#038;modelGuid=1eb18b79-797e-4e70-97f6-4f81656deb9e&#038;\" class=\"sc_price_link sc_button_inverse\" target=\"_blank\">Sign up on-line<\/a><\/div>\n<\/div><div class=\"vc_empty_space\"   style=\"height: 2em\"><span class=\"vc_empty_space_inner\"><\/span><\/div><div  id=\"sc_price_1647870685\" \n\tclass=\"sc_price sc_price_default  vc_custom_1702921756441\"><div class=\"sc_price_info\"><div class=\"sc_price_title\"><a href=\"https:\/\/www.pilatesdelateteauxpieds.com\/en\/contact-reservation-cours-pilates-paris\/\">Duo Pilates classes<\/a><\/div><div class=\"sc_price_price\"><span class=\"sc_price_value\">49 \u20ac<\/span><\/div><div class=\"sc_price_description\">Tarif par personne. Sur tapis ou machine<\/div><a href=\"https:\/\/www.pilatesdelateteauxpieds.com\/en\/contact-reservation-cours-pilates-paris\/\" class=\"sc_price_link sc_button_inverse\" target=\"_blank\">Contact Emily<\/a><\/div>\n<\/div><div class=\"vc_empty_space  height_small\"   style=\"height: 32px\"><span class=\"vc_empty_space_inner\"><\/span><\/div><\/div><\/div><\/div><div class=\"wpb_column vc_column_container vc_col-sm-4 sc_layouts_column_icons_position_left\"><div class=\"vc_column-inner\"><div class=\"wpb_wrapper\"><div  id=\"sc_price_1363549844\" \n\tclass=\"sc_price sc_price_default  vc_custom_1702921735719\"><div class=\"sc_price_info\"><div class=\"sc_price_title\"><a href=\"https:\/\/www.pilatesdelateteauxpieds.com\/en\/contact-reservation-cours-pilates-paris\/\">Cours de Pilates priv\u00e9<\/a><\/div><div class=\"sc_price_price\"><span class=\"sc_price_value\">85 \u20ac<\/span><\/div><div class=\"sc_price_description\">On mat or equipment<\/div><a href=\"https:\/\/www.pilatesdelateteauxpieds.com\/en\/contact-reservation-cours-pilates-paris\/\" class=\"sc_price_link sc_button_inverse\" target=\"_blank\">Contact Emily<\/a><\/div>\n<\/div><div  id=\"sc_price_762754725\" \n\tclass=\"sc_price sc_price_default  vc_custom_1702921765214\"><div class=\"sc_price_info\"><div class=\"sc_price_title\"><a href=\"https:\/\/booksteam.com\/customer\/BookNowClasses.aspx?k=77ca3132726&#038;modelGuid=1eb18b79-797e-4e70-97f6-4f81656deb9e&#038;\">Cours de Pilates Pr\u00e9-Post Natal<\/a><\/div><div class=\"sc_price_price\"><span class=\"sc_price_value\">43 \u20ac<\/span><\/div><div class=\"sc_price_description\">2-4 participants par cours. Votre cours d'essai : 38\u20ac<\/div><a href=\"https:\/\/booksteam.com\/customer\/BookNowClasses.aspx?k=77ca3132726&#038;modelGuid=1eb18b79-797e-4e70-97f6-4f81656deb9e&#038;\" class=\"sc_price_link sc_button_inverse\" target=\"_blank\">Sign up on-line<\/a><\/div>\n<\/div><div class=\"vc_empty_space  height_small\"   style=\"height: 32px\"><span class=\"vc_empty_space_inner\"><\/span><\/div><\/div><\/div><\/div><div class=\"wpb_column vc_column_container vc_col-sm-4 sc_layouts_column_icons_position_left\"><div class=\"vc_column-inner\"><div class=\"wpb_wrapper\"><div  id=\"sc_price_361389231\" \n\tclass=\"sc_price sc_price_default  vc_custom_1702921744628\"><div class=\"sc_price_info\"><div class=\"sc_price_title\"><a href=\"https:\/\/booksteam.com\/customer\/BookNowClasses.aspx?k=77ca3132726&#038;modelGuid=1eb18b79-797e-4e70-97f6-4f81656deb9e&#038;\">Quartet Pilates classes<\/a><\/div><div class=\"sc_price_price\"><span class=\"sc_price_value\">43 \u20ac<\/span><\/div><div class=\"sc_price_description\">2-4 participants par cours. Votre cours d'essai : 38\u20ac<\/div><a href=\"https:\/\/booksteam.com\/customer\/BookNowClasses.aspx?k=77ca3132726&#038;modelGuid=1eb18b79-797e-4e70-97f6-4f81656deb9e&#038;\" class=\"sc_price_link sc_button_inverse\" target=\"_blank\">Sign up on-line<\/a><\/div>\n<\/div><div  id=\"sc_price_90176051\" \n\tclass=\"sc_price sc_price_default  vc_custom_1702921773109\"><div class=\"sc_price_info\"><div class=\"sc_price_title\"><a href=\"https:\/\/booksteam.com\/customer\/BookNowClasses.aspx?k=77ca3132726&#038;modelGuid=1eb18b79-797e-4e70-97f6-4f81656deb9e&#038;\">On-line classes<\/a><\/div><div class=\"sc_price_price\"><span class=\"sc_price_value\">22 \u20ac<\/span><\/div><div class=\"sc_price_description\">3-10 participants par cours. Votre cours d'essai : 20\u20ac<\/div><a href=\"https:\/\/booksteam.com\/customer\/BookNowClasses.aspx?k=77ca3132726&#038;modelGuid=1eb18b79-797e-4e70-97f6-4f81656deb9e&#038;\" class=\"sc_price_link sc_button_inverse\" target=\"_blank\">Sign up on-line<\/a><\/div>\n<\/div><div class=\"vc_empty_space  height_medium\"   style=\"height: 64px\"><span class=\"vc_empty_space_inner\"><\/span><\/div><\/div><\/div><\/div><\/div><div class=\"vc_row-full-width vc_clearfix\"><\/div><div class=\"vc_row wpb_row vc_row-fluid\"><div class=\"wpb_column vc_column_container vc_col-sm-12 sc_layouts_column_icons_position_left\"><div class=\"vc_column-inner\"><div class=\"wpb_wrapper\"><div id=\"sc_title_827753482\"\n\t\tclass=\"sc_title sc_title_default hide_icon\"><h6 class=\"sc_item_subtitle sc_title_subtitle sc_align_center sc_item_title_style_default\">Promotions<\/h6><h3 class=\"sc_item_title sc_title_title sc_align_center sc_item_title_style_default\">Special Offers<\/h3><\/div><!-- \/.sc_title --><\/div><\/div><\/div><\/div><div class=\"vc_row wpb_row vc_row-fluid\"><div class=\"wpb_column vc_column_container vc_col-sm-6 sc_layouts_column_icons_position_left\"><div class=\"vc_column-inner\"><div class=\"wpb_wrapper\">\n\t<div class=\"wpb_text_column wpb_content_element  vc_custom_1619085136516\" >\n\t\t<div class=\"wpb_wrapper\">\n\t\t\t<h3 class=\"noBottomMargin\" style=\"text-align: center;\" align=\"center\">Pilates with a Friend<\/h3>\n<p style=\"text-align: center;\">If you bring a friend to class and he or she buys a 10 class card, you <strong>BOTH<\/strong>\u00a0receive 1 free group class!<\/p>\n\n\t\t<\/div>\n\t<\/div>\n<\/div><\/div><\/div><div class=\"wpb_column vc_column_container vc_col-sm-6 sc_layouts_column_icons_position_left\"><div class=\"vc_column-inner\"><div class=\"wpb_wrapper\">\n\t<div class=\"wpb_text_column wpb_content_element  vc_custom_1701523946586\" >\n\t\t<div class=\"wpb_wrapper\">\n\t\t\t<h3 class=\"noBottomMargin\" style=\"text-align: center;\" align=\"center\">Two times is even better than one<\/h3>\n<p style=\"text-align: center;\">Votre assiduit\u00e9 et vos efforts sont r\u00e9compens\u00e9s. Venez deux fois par semaine et recevez un cours offert au bout de 10 semaines avec deux cours par semaine.<\/p>\n\n\t\t<\/div>\n\t<\/div>\n<\/div><\/div><\/div><\/div><div data-vc-full-width=\"true\" data-vc-full-width-init=\"false\" class=\"vc_row wpb_row vc_row-fluid vc_custom_1485967860472 vc_row-has-fill\"><div class=\"wpb_column vc_column_container vc_col-sm-12 sc_layouts_column_icons_position_left\"><div class=\"vc_column-inner\"><div class=\"wpb_wrapper\"><div class=\"vc_empty_space  height_medium hide_on_mobile\"   style=\"height: 32px\"><span class=\"vc_empty_space_inner\"><\/span><\/div><div id=\"sc_title_615806383\"\n\t\tclass=\"sc_title sc_title_default hide_icon\"><h6 class=\"sc_item_subtitle sc_title_subtitle sc_align_center sc_item_title_style_default\">Tarifs pro<\/h6><h2 class=\"sc_item_title sc_title_title sc_align_center sc_item_title_style_default sc_item_title_tag\">Tarifs pour les professionnels du Pilates et \u00e9l\u00e8ves en formation<\/h2><\/div><!-- \/.sc_title --><\/div><\/div><\/div><\/div><div class=\"vc_row-full-width vc_clearfix\"><\/div><div data-vc-full-width=\"true\" data-vc-full-width-init=\"false\" class=\"vc_row wpb_row vc_row-fluid vc_custom_1485967868163 vc_row-has-fill\"><div class=\"wpb_column vc_column_container vc_col-sm-4 sc_layouts_column_icons_position_left\"><div class=\"vc_column-inner\"><div class=\"wpb_wrapper\"><div  id=\"sc_price_260294171\" \n\tclass=\"sc_price sc_price_default  vc_custom_1776074704505\"><div class=\"sc_price_info\"><div class=\"sc_price_title\"><a href=\"https:\/\/booksteam.com\/customer\/BookNowClasses.aspx?k=77ca3132726&#038;modelGuid=1eb18b79-797e-4e70-97f6-4f81656deb9e&#038;\">Cours collectif tapis pour les pros et professeurs en formation<\/a><\/div><div class=\"sc_price_price\"><span class=\"sc_price_value\">21 \u20ac<\/span><\/div><div class=\"sc_price_description\">3-8 participants par cours<\/div><a href=\"https:\/\/booksteam.com\/customer\/BookNowClasses.aspx?k=77ca3132726&#038;modelGuid=1eb18b79-797e-4e70-97f6-4f81656deb9e&#038;\" class=\"sc_price_link sc_button_inverse\" target=\"_blank\">Sign up on-line<\/a><\/div>\n<\/div><div class=\"vc_empty_space\"   style=\"height: 2em\"><span class=\"vc_empty_space_inner\"><\/span><\/div><div  id=\"sc_price_1612501550\" \n\tclass=\"sc_price sc_price_default  vc_custom_1776074559273\"><div class=\"sc_price_info\"><div class=\"sc_price_title\"><a href=\"https:\/\/www.pilatesdelateteauxpieds.com\/en\/contact-reservation-cours-pilates-paris\/\">Enseignement observ\u00e9<\/a><\/div><div class=\"sc_price_price\"><span class=\"sc_price_value\">80 \u20ac<\/span><\/div><div class=\"sc_price_description\">Tarif par personne. Un de nos professeurs vous observe enseigner un cours<\/div><a href=\"https:\/\/www.pilatesdelateteauxpieds.com\/en\/contact-reservation-cours-pilates-paris\/\" class=\"sc_price_link sc_button_inverse\" target=\"_blank\">Contactez-nous<\/a><\/div>\n<\/div><div class=\"vc_empty_space  height_small\"   style=\"height: 32px\"><span class=\"vc_empty_space_inner\"><\/span><\/div><\/div><\/div><\/div><div class=\"wpb_column vc_column_container vc_col-sm-4 sc_layouts_column_icons_position_left\"><div class=\"vc_column-inner\"><div class=\"wpb_wrapper\"><div  id=\"sc_price_42167513\" \n\tclass=\"sc_price sc_price_default  vc_custom_1776074466200\"><div class=\"sc_price_info\"><div class=\"sc_price_title\"><a href=\"https:\/\/www.pilatesdelateteauxpieds.com\/en\/contact-reservation-cours-pilates-paris\/\">Atelier pour professeurs de Pilates et professeurs en formation<\/a><\/div><div class=\"sc_price_price\"><span class=\"sc_price_value\">45 \u20ac<\/span><\/div><div class=\"sc_price_description\">4 \u00e0 8 participants par cours - Format 2 h<\/div><a href=\"https:\/\/www.pilatesdelateteauxpieds.com\/en\/contact-reservation-cours-pilates-paris\/\" class=\"sc_price_link sc_button_inverse\" target=\"_blank\">Contact Emily<\/a><\/div>\n<\/div><div  id=\"sc_price_850551106\" \n\tclass=\"sc_price sc_price_default  vc_custom_1776074618707\"><div class=\"sc_price_info\"><div class=\"sc_price_title\"><a href=\"https:\/\/booksteam.com\/customer\/BookNowClasses.aspx?k=77ca3132726&#038;modelGuid=1eb18b79-797e-4e70-97f6-4f81656deb9e&#038;\">Mise \u00e0 disposition group\u00e9e<\/a><\/div><div class=\"sc_price_price\"><span class=\"sc_price_value\">A d\u00e9finir<\/span><\/div><div class=\"sc_price_description\">Location du studio et mat\u00e9riel pour entra\u00eenement<\/div><a href=\"https:\/\/booksteam.com\/customer\/BookNowClasses.aspx?k=77ca3132726&#038;modelGuid=1eb18b79-797e-4e70-97f6-4f81656deb9e&#038;\" class=\"sc_price_link sc_button_inverse\" target=\"_blank\">Contact Emily<\/a><\/div>\n<\/div><div class=\"vc_empty_space  height_small\"   style=\"height: 32px\"><span class=\"vc_empty_space_inner\"><\/span><\/div><\/div><\/div><\/div><div class=\"wpb_column vc_column_container vc_col-sm-4 sc_layouts_column_icons_position_left\"><div class=\"vc_column-inner\"><div class=\"wpb_wrapper\"><div  id=\"sc_price_880100943\" \n\tclass=\"sc_price sc_price_default  vc_custom_1776074507767\"><div class=\"sc_price_info\"><div class=\"sc_price_title\"><a href=\"https:\/\/booksteam.com\/customer\/BookNowClasses.aspx?k=77ca3132726&#038;modelGuid=1eb18b79-797e-4e70-97f6-4f81656deb9e&#038;\">Atelier pour professeurs de Pilates et professeurs en formation<\/a><\/div><div class=\"sc_price_price\"><span class=\"sc_price_value\">70 \u20ac<\/span><\/div><div class=\"sc_price_description\">2-4 participants par cours - Format 2 h<\/div><a href=\"https:\/\/booksteam.com\/customer\/BookNowClasses.aspx?k=77ca3132726&#038;modelGuid=1eb18b79-797e-4e70-97f6-4f81656deb9e&#038;\" class=\"sc_price_link sc_button_inverse\" target=\"_blank\">Sign up on-line<\/a><\/div>\n<\/div><div  id=\"sc_price_1282527120\" \n\tclass=\"sc_price sc_price_default  vc_custom_1776074657975\"><div class=\"sc_price_info\"><div class=\"sc_price_title\"><a href=\"https:\/\/booksteam.com\/customer\/BookNowClasses.aspx?k=77ca3132726&#038;modelGuid=1eb18b79-797e-4e70-97f6-4f81656deb9e&#038;\">Observation et stages CQP-ALS<\/a><\/div><div class=\"sc_price_price\"><span class=\"sc_price_value\">A d\u00e9finir<\/span><\/div><div class=\"sc_price_description\">Pour \u00e9l\u00e8ves en formation<\/div><a href=\"https:\/\/booksteam.com\/customer\/BookNowClasses.aspx?k=77ca3132726&#038;modelGuid=1eb18b79-797e-4e70-97f6-4f81656deb9e&#038;\" class=\"sc_price_link sc_button_inverse\" target=\"_blank\">Contact Emily<\/a><\/div>\n<\/div><div class=\"vc_empty_space  height_medium\"   style=\"height: 64px\"><span class=\"vc_empty_space_inner\"><\/span><\/div><\/div><\/div><\/div><\/div><div class=\"vc_row-full-width vc_clearfix\"><\/div><div class=\"vc_row wpb_row vc_row-fluid\"><div class=\"wpb_column vc_column_container vc_col-sm-2 vc_hidden-xs sc_layouts_column_icons_position_left\"><div class=\"vc_column-inner\"><div class=\"wpb_wrapper\"><div class=\"vc_empty_space  height_medium hide_on_mobile\"   style=\"height: 32px\"><span class=\"vc_empty_space_inner\"><\/span><\/div><\/div><\/div><\/div><div class=\"wpb_column vc_column_container vc_col-sm-8 sc_layouts_column_icons_position_left\"><div class=\"vc_column-inner\"><div class=\"wpb_wrapper\"><div class=\"vc_empty_space  height_medium hide_on_mobile\"   style=\"height: 32px\"><span class=\"vc_empty_space_inner\"><\/span><\/div><div class=\"sc_item_button sc_button_wrap sc_align_center\"><a href=\"https:\/\/www.pilatesdelateteauxpieds.com\/en\/cours-de-pilates-a-paris\/\" id=\"sc_button_1866845903\" class=\"sc_button sc_button_default sc_button_size_normal sc_button_icon_left\"><span class=\"sc_button_text sc_align_center\"><span class=\"sc_button_title\">Learn more about the classes<\/span><\/span><!-- \/.sc_button_text --><\/a><!-- \/.sc_button --><\/div><!-- \/.sc_item_button --><div class=\"vc_empty_space  height_medium hide_on_mobile\"   style=\"height: 32px\"><span class=\"vc_empty_space_inner\"><\/span><\/div>\n\t<div class=\"wpb_text_column wpb_content_element\" >\n\t\t<div class=\"wpb_wrapper\">\n\t\t\t<h2 style=\"text-align: center;\">Terms and Conditions<\/h2>\n<ul>\n<li><em>All\u00a0<\/em><strong><em>cancellations must be made 24 hours<\/em><\/strong><strong><em>e<\/em><\/strong><strong><em>before<\/em><\/strong><em>\u00a0the class<\/em><em>otherwise the class must be paid for.<\/em><\/li>\n<li><em>The group class card is valid for 5 months and for 12 months if purchasing a card while pregnant in both cases the duration excludes vacation closures.<\/em><\/li>\n<li><em>Les paiements peuvent \u00eatre faits par virement ou en ch\u00e8que ou esp\u00e8ces sur place aupr\u00e8s du professeur au studio.<\/em><\/li>\n<li><em>Vous pouvez utiliser votre carte de 10 cours avec tous les professeurs du studio.<\/em><\/li>\n<\/ul>\n\n\t\t<\/div>\n\t<\/div>\n<\/div><\/div><\/div><\/div>\n<\/section>","protected":false},"excerpt":{"rendered":"Le studio se trouve au 192 rue Saint Denis Paris 2\u00e8me au premier \u00e9tage. Le paiement se fait sur place apr\u00e8s le cours par ch\u00e8que, virement ou esp\u00e8ces aupr\u00e8s du professeur. TarifsCartes de plusieurs coursCarte de 10 cours de Pilates tapis240 \u20ac2-8 participants par cours. Valable 5 moisContactez Emily Carte de 10 cours de Pilates Quatuor380 \u20ac2-4 participants par cours.&hellip;","protected":false},"author":7,"featured_media":0,"parent":0,"menu_order":0,"comment_status":"closed","ping_status":"closed","template":"","meta":{"footnotes":""},"class_list":["post-1913","page","type-page","status-publish","hentry"],"_links":{"self":[{"href":"https:\/\/www.pilatesdelateteauxpieds.com\/en\/wp-json\/wp\/v2\/pages\/1913","targetHints":{"allow":["GET"]}}],"collection":[{"href":"https:\/\/www.pilatesdelateteauxpieds.com\/en\/wp-json\/wp\/v2\/pages"}],"about":[{"href":"https:\/\/www.pilatesdelateteauxpieds.com\/en\/wp-json\/wp\/v2\/types\/page"}],"author":[{"embeddable":true,"href":"https:\/\/www.pilatesdelateteauxpieds.com\/en\/wp-json\/wp\/v2\/users\/7"}],"replies":[{"embeddable":true,"href":"https:\/\/www.pilatesdelateteauxpieds.com\/en\/wp-json\/wp\/v2\/comments?post=1913"}],"version-history":[{"count":50,"href":"https:\/\/www.pilatesdelateteauxpieds.com\/en\/wp-json\/wp\/v2\/pages\/1913\/revisions"}],"predecessor-version":[{"id":2049,"href":"https:\/\/www.pilatesdelateteauxpieds.com\/en\/wp-json\/wp\/v2\/pages\/1913\/revisions\/2049"}],"wp:attachment":[{"href":"https:\/\/www.pilatesdelateteauxpieds.com\/en\/wp-json\/wp\/v2\/media?parent=1913"}],"curies":[{"name":"wp","href":"https:\/\/api.w.org\/{rel}","templated":true}]}}