{"id":1892,"date":"2021-03-16T20:10:01","date_gmt":"2021-03-16T19:10:01","guid":{"rendered":"http:\/\/pilatesdelateteauxpieds.com\/?page_id=1892"},"modified":"2023-12-18T17:17:53","modified_gmt":"2023-12-18T16:17:53","slug":"cours-de-pilates-a-paris","status":"publish","type":"page","link":"https:\/\/www.pilatesdelateteauxpieds.com\/en\/cours-de-pilates-a-paris\/","title":{"rendered":"Classes"},"content":{"rendered":"<section class=\"wpb-content-wrapper\"><div data-vc-full-width=\"true\" data-vc-full-width-init=\"false\" class=\"vc_row wpb_row vc_row-fluid\"><div class=\"wpb_column vc_column_container vc_col-sm-12 sc_layouts_column_icons_position_left\"><div class=\"vc_column-inner\"><div class=\"wpb_wrapper\"><div class=\"vc_empty_space\"   style=\"height: 2em\"><span class=\"vc_empty_space_inner\"><\/span><\/div>\n\t<div class=\"wpb_text_column wpb_content_element\" >\n\t\t<div class=\"wpb_wrapper\">\n\t\t\t<p style=\"text-align: center;\">Emily offers individual, duet and group Pilates classes in her studio in Paris 2nd. All classes last 55 minutes.<\/p>\n<p style=\"text-align: center;\">Due to the current health crisis group mat class size has been reduced to 7 participants to respect health and safety restrictions. All mats, equipment and accessoires are disinfected after each use and the studio is aired.<\/p>\n<p style=\"text-align: center;\">To sign up for group classes please use the on-line booking website.<\/p>\n\n\t\t<\/div>\n\t<\/div>\n<div class=\"vc_empty_space\"   style=\"height: 2.3em\"><span class=\"vc_empty_space_inner\"><\/span><\/div><div class=\"sc_item_button sc_button_wrap sc_align_center\"><a href=\"https:\/\/booksteam.com\/customer\/BookNowClasses.aspx?k=77ca3132726&#038;modelGuid=1eb18b79-797e-4e70-97f6-4f81656deb9e&#038;\" id=\"sc_button_715646770\" class=\"sc_button sc_button_accent sc_button_size_small sc_button_icon_left\"><span class=\"sc_button_text\"><span class=\"sc_button_title\">Sign up on-line<\/span><\/span><!-- \/.sc_button_text --><\/a><!-- \/.sc_button --><\/div><!-- \/.sc_item_button --><div class=\"vc_empty_space\"   style=\"height: 2.3em\"><span class=\"vc_empty_space_inner\"><\/span><\/div><\/div><\/div><\/div><\/div><div class=\"vc_row-full-width vc_clearfix\"><\/div><div class=\"vc_row wpb_row vc_row-fluid\"><div class=\"wpb_column vc_column_container vc_col-sm-12 sc_layouts_column_icons_position_left\"><div class=\"vc_column-inner\"><div class=\"wpb_wrapper\"><div class=\"vc_empty_space\"   style=\"height: 3.4em\"><span class=\"vc_empty_space_inner\"><\/span><\/div><div class=\"sc_services sc_services_classes\" data-slides-per-view=\"3\" data-slides-min-width=\"220\"\t\t>\n\t\t<h3 class=\"sc_item_title sc_services_title sc_align_center sc_item_title_style_default\">Choose the class that suits you best<\/h3><div class=\"sc_services_columns sc_item_columns sc_item_columns_3 trx_addons_columns_wrap columns_padding_bottom\"><div class=\"trx_addons_column-1_3\"><div class=\"sc_services_item with_content with_image sc_services_item_featured_top\">\n\t<div class=\"post_featured with_thumb hover_icon sc_services_item_thumb\"><img loading=\"lazy\" decoding=\"async\" width=\"592\" height=\"424\" src=\"https:\/\/www.pilatesdelateteauxpieds.com\/wp-content\/uploads\/2021\/05\/pilatesdelateteauxpieds-pilates-cours-participants08-carre-592x424.jpg\" class=\"attachment-trx_addons-thumb-classic size-trx_addons-thumb-classic wp-post-image\" alt=\"Cours de Pilates collectifs\" \/><div class=\"mask\"><\/div><div class=\"icons\"><a href=\"https:\/\/www.pilatesdelateteauxpieds.com\/en\/services\/pilates-cours-collectifs-paris\/\" aria-hidden=\"true\" class=\"icon-search-alt\"><\/a><\/div><\/div>\t\n\t<div class=\"sc_services_item_info\">\n\t\t<div class=\"sc_services_item_header\">\n\t\t\t\t\t\t<h4 class=\"sc_services_item_title\"><a href=\"https:\/\/www.pilatesdelateteauxpieds.com\/en\/services\/pilates-cours-collectifs-paris\/\">Pilates Mat classes<\/a><\/h4>\n\t\t\t\t\t<\/div>\n\t\t\t\t\t<div class=\"sc_services_item_content\"><p>3 to 8 participants.<br \/>\nEach session is adapted to the level and energy of the group. I watch each participant, and adjust and correct individuals and the group. We work on our Pilates mat repertoire including exercises to deepen and facilitate practice. We can also use Pilates accessories: rollers, magic circles, Therabands, hand weights and yoga bricks to accompany us in our exploration.<\/p>\n<\/div>\n\t\t\t<!--<div class=\"sc_services_item_button sc_item_button\"><a href=\"https:\/\/www.pilatesdelateteauxpieds.com\/en\/services\/pilates-cours-collectifs-paris\/\" class=\"sc_button sc_button_simple\">Learn more<\/a><\/div>-->\n\t\t\t<\/div>\n<\/div>\n<\/div><div class=\"trx_addons_column-1_3\"><div class=\"sc_services_item with_content with_image sc_services_item_featured_top\">\n\t<div class=\"post_featured with_thumb hover_icon sc_services_item_thumb\"><img loading=\"lazy\" decoding=\"async\" width=\"592\" height=\"424\" src=\"https:\/\/www.pilatesdelateteauxpieds.com\/wp-content\/uploads\/2024\/03\/cours_duo_Springboard-592x424.jpg\" class=\"attachment-trx_addons-thumb-classic size-trx_addons-thumb-classic wp-post-image\" alt=\"Cours de Pilates duo\" srcset=\"https:\/\/www.pilatesdelateteauxpieds.com\/wp-content\/uploads\/2024\/03\/cours_duo_Springboard-592x424.jpg 592w, https:\/\/www.pilatesdelateteauxpieds.com\/wp-content\/uploads\/2024\/03\/cours_duo_Springboard-18x12.jpg 18w\" sizes=\"auto, (max-width: 592px) 100vw, 592px\" \/><div class=\"mask\"><\/div><div class=\"icons\"><a href=\"https:\/\/www.pilatesdelateteauxpieds.com\/en\/services\/pilates-cours-duo-a-paris\/\" aria-hidden=\"true\" class=\"icon-search-alt\"><\/a><\/div><\/div>\t\n\t<div class=\"sc_services_item_info\">\n\t\t<div class=\"sc_services_item_header\">\n\t\t\t\t\t\t<h4 class=\"sc_services_item_title\"><a href=\"https:\/\/www.pilatesdelateteauxpieds.com\/en\/services\/pilates-cours-duo-a-paris\/\">Duo Pilates classes<\/a><\/h4>\n\t\t\t\t\t<\/div>\n\t\t\t\t\t<div class=\"sc_services_item_content\"><p>2 participants.<br \/>\nTwo people of similar skill level get together for the fun of advancing in Pilates. Just like private lessons, the lessons are completely adapted according to the needs and desires of the participants and Emily\u2019s creativity.<\/p>\n<\/div>\n\t\t\t<!--<div class=\"sc_services_item_button sc_item_button\"><a href=\"https:\/\/www.pilatesdelateteauxpieds.com\/en\/services\/pilates-cours-duo-a-paris\/\" class=\"sc_button sc_button_simple\">Learn more<\/a><\/div>-->\n\t\t\t<\/div>\n<\/div>\n<\/div><div class=\"trx_addons_column-1_3\"><div class=\"sc_services_item with_content with_image sc_services_item_featured_top\">\n\t<div class=\"post_featured with_thumb hover_icon sc_services_item_thumb\"><img loading=\"lazy\" decoding=\"async\" width=\"592\" height=\"424\" src=\"https:\/\/www.pilatesdelateteauxpieds.com\/wp-content\/uploads\/2021\/05\/20171112-prise-de-vue-sans-titre-203-592x424.jpg\" class=\"attachment-trx_addons-thumb-classic size-trx_addons-thumb-classic wp-post-image\" alt=\"Cours de Pilates pr\u00e9 natal\" srcset=\"https:\/\/www.pilatesdelateteauxpieds.com\/wp-content\/uploads\/2021\/05\/20171112-prise-de-vue-sans-titre-203-592x424.jpg 592w, https:\/\/www.pilatesdelateteauxpieds.com\/wp-content\/uploads\/2021\/05\/20171112-prise-de-vue-sans-titre-203-16x12.jpg 16w\" sizes=\"auto, (max-width: 592px) 100vw, 592px\" \/><div class=\"mask\"><\/div><div class=\"icons\"><a href=\"https:\/\/www.pilatesdelateteauxpieds.com\/en\/services\/cours-de-pilates-pre-natal-femme-enceinte\/\" aria-hidden=\"true\" class=\"icon-search-alt\"><\/a><\/div><\/div>\t\n\t<div class=\"sc_services_item_info\">\n\t\t<div class=\"sc_services_item_header\">\n\t\t\t\t\t\t<h4 class=\"sc_services_item_title\"><a href=\"https:\/\/www.pilatesdelateteauxpieds.com\/en\/services\/cours-de-pilates-pre-natal-femme-enceinte\/\">Pre-Natal Pilates classes<\/a><\/h4>\n\t\t\t\t\t<\/div>\n\t\t\t\t\t<div class=\"sc_services_item_content\"><p>2 to 4 participants.<br \/>\nThis small group format allows me to pay special attention to each participant and the stage of her pregnancy. We use Springboards, Chairs and\/or Fit Balls for classes that are tailor-made to meet each woman\u2019s needs and energy level. Particular attention is paid to improving the breathing practice in anticipation of childbirth. <\/p>\n<\/div>\n\t\t\t<!--<div class=\"sc_services_item_button sc_item_button\"><a href=\"https:\/\/www.pilatesdelateteauxpieds.com\/en\/services\/cours-de-pilates-pre-natal-femme-enceinte\/\" class=\"sc_button sc_button_simple\">Learn more<\/a><\/div>-->\n\t\t\t<\/div>\n<\/div>\n<\/div><div class=\"trx_addons_column-1_3\"><div class=\"sc_services_item with_content with_image sc_services_item_featured_top\">\n\t<div class=\"post_featured with_thumb hover_icon sc_services_item_thumb\"><img loading=\"lazy\" decoding=\"async\" width=\"592\" height=\"424\" src=\"https:\/\/www.pilatesdelateteauxpieds.com\/wp-content\/uploads\/2021\/03\/pilates-ballon-exercices-sol-01-e1621245053815-592x424.jpg\" class=\"attachment-trx_addons-thumb-classic size-trx_addons-thumb-classic wp-post-image\" alt=\"Cours de Pilates post natal\" srcset=\"https:\/\/www.pilatesdelateteauxpieds.com\/wp-content\/uploads\/2021\/03\/pilates-ballon-exercices-sol-01-e1621245053815-592x424.jpg 592w, https:\/\/www.pilatesdelateteauxpieds.com\/wp-content\/uploads\/2021\/03\/pilates-ballon-exercices-sol-01-e1621245053815-1170x840.jpg 1170w, https:\/\/www.pilatesdelateteauxpieds.com\/wp-content\/uploads\/2021\/03\/pilates-ballon-exercices-sol-01-e1621245053815-16x12.jpg 16w\" sizes=\"auto, (max-width: 592px) 100vw, 592px\" \/><div class=\"mask\"><\/div><div class=\"icons\"><a href=\"https:\/\/www.pilatesdelateteauxpieds.com\/en\/services\/pilates-cours-post-natal-apres-accouchement\/\" aria-hidden=\"true\" class=\"icon-search-alt\"><\/a><\/div><\/div>\t\n\t<div class=\"sc_services_item_info\">\n\t\t<div class=\"sc_services_item_header\">\n\t\t\t\t\t\t<h4 class=\"sc_services_item_title\"><a href=\"https:\/\/www.pilatesdelateteauxpieds.com\/en\/services\/pilates-cours-post-natal-apres-accouchement\/\">Postnatal Pilates classes<\/a><\/h4>\n\t\t\t\t\t<\/div>\n\t\t\t\t\t<div class=\"sc_services_item_content\"><p>2 to 4 participants.<br \/>\nNon-mobile babies are welcome, hey can spend class on a mat next you! This small group allows me to adapt the exercises to fit the needs each post-partum mother. It is possible to take this course in parallel with your pelvic floor rehab. <\/p>\n<\/div>\n\t\t\t<!--<div class=\"sc_services_item_button sc_item_button\"><a href=\"https:\/\/www.pilatesdelateteauxpieds.com\/en\/services\/pilates-cours-post-natal-apres-accouchement\/\" class=\"sc_button sc_button_simple\">Learn more<\/a><\/div>-->\n\t\t\t<\/div>\n<\/div>\n<\/div><div class=\"trx_addons_column-1_3\"><div class=\"sc_services_item with_content with_image sc_services_item_featured_top\">\n\t<div class=\"post_featured with_thumb hover_icon sc_services_item_thumb\"><img loading=\"lazy\" decoding=\"async\" width=\"592\" height=\"424\" src=\"https:\/\/www.pilatesdelateteauxpieds.com\/wp-content\/uploads\/2024\/03\/Fatima_cercle_pilates-592x424.jpg\" class=\"attachment-trx_addons-thumb-classic size-trx_addons-thumb-classic wp-post-image\" alt=\"Cours de Pilates quatuor\" srcset=\"https:\/\/www.pilatesdelateteauxpieds.com\/wp-content\/uploads\/2024\/03\/Fatima_cercle_pilates-592x424.jpg 592w, https:\/\/www.pilatesdelateteauxpieds.com\/wp-content\/uploads\/2024\/03\/Fatima_cercle_pilates-18x12.jpg 18w\" sizes=\"auto, (max-width: 592px) 100vw, 592px\" \/><div class=\"mask\"><\/div><div class=\"icons\"><a href=\"https:\/\/www.pilatesdelateteauxpieds.com\/en\/services\/pilates-cours-quatuor-paris\/\" aria-hidden=\"true\" class=\"icon-search-alt\"><\/a><\/div><\/div>\t\n\t<div class=\"sc_services_item_info\">\n\t\t<div class=\"sc_services_item_header\">\n\t\t\t\t\t\t<h4 class=\"sc_services_item_title\"><a href=\"https:\/\/www.pilatesdelateteauxpieds.com\/en\/services\/pilates-cours-quatuor-paris\/\">Quartet Pilates classes<\/a><\/h4>\n\t\t\t\t\t<\/div>\n\t\t\t\t\t<div class=\"sc_services_item_content\"><p>2 to 4 participants.<br \/>\nWe use Springboards, Chairs and\/or Fit balls for training adapted to everyone's needs, levels and energy. This small group format enables everyone to enjoy using the equipment without committing to the cost of a private lesson as well as receiving more individualized instruction.<\/p>\n<\/div>\n\t\t\t<!--<div class=\"sc_services_item_button sc_item_button\"><a href=\"https:\/\/www.pilatesdelateteauxpieds.com\/en\/services\/pilates-cours-quatuor-paris\/\" class=\"sc_button sc_button_simple\">Learn more<\/a><\/div>-->\n\t\t\t<\/div>\n<\/div>\n<\/div><div class=\"trx_addons_column-1_3\"><div class=\"sc_services_item with_content with_image sc_services_item_featured_top\">\n\t<div class=\"post_featured with_thumb hover_icon sc_services_item_thumb\"><img loading=\"lazy\" decoding=\"async\" width=\"592\" height=\"424\" src=\"https:\/\/www.pilatesdelateteauxpieds.com\/wp-content\/uploads\/2021\/03\/pilates-cours-individuels-prives-592x424.jpg\" class=\"attachment-trx_addons-thumb-classic size-trx_addons-thumb-classic wp-post-image\" alt=\"Cours de Pilates priv\u00e9s\" \/><div class=\"mask\"><\/div><div class=\"icons\"><a href=\"https:\/\/www.pilatesdelateteauxpieds.com\/en\/services\/pilates-cours-prives-paris\/\" aria-hidden=\"true\" class=\"icon-search-alt\"><\/a><\/div><\/div>\t\n\t<div class=\"sc_services_item_info\">\n\t\t<div class=\"sc_services_item_header\">\n\t\t\t\t\t\t<h4 class=\"sc_services_item_title\"><a href=\"https:\/\/www.pilatesdelateteauxpieds.com\/en\/services\/pilates-cours-prives-paris\/\">Private Pilates classes<\/a><\/h4>\n\t\t\t\t\t<\/div>\n\t\t\t\t\t<div class=\"sc_services_item_content\"><p>1 participant.<br \/>\nThis format is suitable for the person who wants special follow-up for any reason: get back in shape after an injury, challenge themselves to do advanced Pilates, etc. The day's program is based on the needs and desires of the participant and Emily\u2019s creativity.<\/p>\n<\/div>\n\t\t\t<!--<div class=\"sc_services_item_button sc_item_button\"><a href=\"https:\/\/www.pilatesdelateteauxpieds.com\/en\/services\/pilates-cours-prives-paris\/\" class=\"sc_button sc_button_simple\">Learn more<\/a><\/div>-->\n\t\t\t<\/div>\n<\/div>\n<\/div><div class=\"trx_addons_column-1_3\"><div class=\"sc_services_item with_content with_image sc_services_item_featured_top\">\n\t<div class=\"post_featured with_thumb hover_icon sc_services_item_thumb\"><img loading=\"lazy\" decoding=\"async\" width=\"592\" height=\"424\" src=\"https:\/\/www.pilatesdelateteauxpieds.com\/wp-content\/uploads\/2021\/03\/pilatesdelateteauxpieds-cours-en-ligne-pilates-cours-en-ligne-02-592x424.jpg\" class=\"attachment-trx_addons-thumb-classic size-trx_addons-thumb-classic wp-post-image\" alt=\"Cours de Pilates en ligne\" srcset=\"https:\/\/www.pilatesdelateteauxpieds.com\/wp-content\/uploads\/2021\/03\/pilatesdelateteauxpieds-cours-en-ligne-pilates-cours-en-ligne-02-592x424.jpg 592w, https:\/\/www.pilatesdelateteauxpieds.com\/wp-content\/uploads\/2021\/03\/pilatesdelateteauxpieds-cours-en-ligne-pilates-cours-en-ligne-02-1170x836.jpg 1170w\" sizes=\"auto, (max-width: 592px) 100vw, 592px\" \/><div class=\"mask\"><\/div><div class=\"icons\"><a href=\"https:\/\/www.pilatesdelateteauxpieds.com\/en\/services\/cours-en-ligne-en-direct-de-pilates\/\" aria-hidden=\"true\" class=\"icon-search-alt\"><\/a><\/div><\/div>\t\n\t<div class=\"sc_services_item_info\">\n\t\t<div class=\"sc_services_item_header\">\n\t\t\t\t\t\t<h4 class=\"sc_services_item_title\"><a href=\"https:\/\/www.pilatesdelateteauxpieds.com\/en\/services\/cours-en-ligne-en-direct-de-pilates\/\">On-line classes<\/a><\/h4>\n\t\t\t\t\t<\/div>\n\t\t\t\t\t<div class=\"sc_services_item_content\"><p>2 to 10 participants.<br \/>\nOnline classes are held on Google Meet, via a private link. Emily is there to guide you through the 55 minutes of the class and to correct your movements and position thanks to the camera. <\/p>\n<\/div>\n\t\t\t<!--<div class=\"sc_services_item_button sc_item_button\"><a href=\"https:\/\/www.pilatesdelateteauxpieds.com\/en\/services\/cours-en-ligne-en-direct-de-pilates\/\" class=\"sc_button sc_button_simple\">Learn more<\/a><\/div>-->\n\t\t\t<\/div>\n<\/div>\n<\/div><div class=\"trx_addons_column-1_3\"><div class=\"sc_services_item with_content with_image sc_services_item_featured_top\">\n\t<div class=\"post_featured with_thumb hover_icon sc_services_item_thumb\"><img loading=\"lazy\" decoding=\"async\" width=\"592\" height=\"424\" src=\"https:\/\/www.pilatesdelateteauxpieds.com\/wp-content\/uploads\/2024\/03\/Keiko_Pilates_ballon_cours_paris-592x424.jpg\" class=\"attachment-trx_addons-thumb-classic size-trx_addons-thumb-classic wp-post-image\" alt=\"Cours de Pilates pour les danseurs\" srcset=\"https:\/\/www.pilatesdelateteauxpieds.com\/wp-content\/uploads\/2024\/03\/Keiko_Pilates_ballon_cours_paris-592x424.jpg 592w, https:\/\/www.pilatesdelateteauxpieds.com\/wp-content\/uploads\/2024\/03\/Keiko_Pilates_ballon_cours_paris-18x12.jpg 18w\" sizes=\"auto, (max-width: 592px) 100vw, 592px\" \/><div class=\"mask\"><\/div><div class=\"icons\"><a href=\"https:\/\/www.pilatesdelateteauxpieds.com\/en\/services\/cours-de-pilates-pour-les-danseurs\/\" aria-hidden=\"true\" class=\"icon-search-alt\"><\/a><\/div><\/div>\t\n\t<div class=\"sc_services_item_info\">\n\t\t<div class=\"sc_services_item_header\">\n\t\t\t\t\t\t<h4 class=\"sc_services_item_title\"><a href=\"https:\/\/www.pilatesdelateteauxpieds.com\/en\/services\/cours-de-pilates-pour-les-danseurs\/\">Pilates classes for dancers<\/a><\/h4>\n\t\t\t\t\t<\/div>\n\t\t\t\t\t<div class=\"sc_services_item_content\"><p>3 to 8 participants.<br \/>\nPrimary objectives are to improve the awareness of the functional amplitude to prevent injuries and to solve the issues dancers tend to have.<\/p>\n<\/div>\n\t\t\t<!--<div class=\"sc_services_item_button sc_item_button\"><a href=\"https:\/\/www.pilatesdelateteauxpieds.com\/en\/services\/cours-de-pilates-pour-les-danseurs\/\" class=\"sc_button sc_button_simple\">Learn more<\/a><\/div>-->\n\t\t\t<\/div>\n<\/div>\n<\/div><\/div><\/div><!-- \/.sc_services --><div class=\"vc_empty_space\"   style=\"height: 3.4em\"><span class=\"vc_empty_space_inner\"><\/span><\/div><div class=\"sc_item_button sc_button_wrap sc_align_center\"><a href=\"https:\/\/www.pilatesdelateteauxpieds.com\/en\/tarifs-cours-de-pilates-paris\/\" id=\"sc_button_1969634594\" class=\"sc_button sc_button_accent sc_button_size_large sc_button_icon_left\"><span class=\"sc_button_text\"><span class=\"sc_button_title\">Rates<\/span><\/span><!-- \/.sc_button_text --><\/a><!-- \/.sc_button --><\/div><!-- \/.sc_item_button --><div class=\"vc_empty_space\"   style=\"height: 6.4em\"><span class=\"vc_empty_space_inner\"><\/span><\/div><\/div><\/div><\/div><\/div>\n<\/section>","protected":false},"excerpt":{"rendered":"Cours ax\u00e9 sur les rythmes osseux et les fonctions organiques du corps li\u00e9es au poids et \u00e0 la gravit\u00e9. Les principaux objectifs sont d'am\u00e9liorer la conscience de l'amplitude fonctionnelle afin de pr\u00e9venir les blessures et de r\u00e9soudre les probl\u00e8mes auxquels les danseurs sont souvent confront\u00e9s. Et enfin, d'aider \u00e0 \u00e9tablir la singularit\u00e9 des mouvements en respectant la morphologie et les&hellip;","protected":false},"author":7,"featured_media":0,"parent":0,"menu_order":0,"comment_status":"closed","ping_status":"closed","template":"","meta":{"footnotes":""},"class_list":["post-1892","page","type-page","status-publish","hentry"],"_links":{"self":[{"href":"https:\/\/www.pilatesdelateteauxpieds.com\/en\/wp-json\/wp\/v2\/pages\/1892","targetHints":{"allow":["GET"]}}],"collection":[{"href":"https:\/\/www.pilatesdelateteauxpieds.com\/en\/wp-json\/wp\/v2\/pages"}],"about":[{"href":"https:\/\/www.pilatesdelateteauxpieds.com\/en\/wp-json\/wp\/v2\/types\/page"}],"author":[{"embeddable":true,"href":"https:\/\/www.pilatesdelateteauxpieds.com\/en\/wp-json\/wp\/v2\/users\/7"}],"replies":[{"embeddable":true,"href":"https:\/\/www.pilatesdelateteauxpieds.com\/en\/wp-json\/wp\/v2\/comments?post=1892"}],"version-history":[{"count":25,"href":"https:\/\/www.pilatesdelateteauxpieds.com\/en\/wp-json\/wp\/v2\/pages\/1892\/revisions"}],"predecessor-version":[{"id":2817,"href":"https:\/\/www.pilatesdelateteauxpieds.com\/en\/wp-json\/wp\/v2\/pages\/1892\/revisions\/2817"}],"wp:attachment":[{"href":"https:\/\/www.pilatesdelateteauxpieds.com\/en\/wp-json\/wp\/v2\/media?parent=1892"}],"curies":[{"name":"wp","href":"https:\/\/api.w.org\/{rel}","templated":true}]}}