{"id":1861,"date":"2021-03-16T19:05:30","date_gmt":"2021-03-16T18:05:30","guid":{"rendered":"http:\/\/pilatesdelateteauxpieds.com\/?page_id=1861"},"modified":"2021-05-17T13:37:15","modified_gmt":"2021-05-17T11:37:15","slug":"pourquoi-pilates-de-la-tete-aux-pieds","status":"publish","type":"page","link":"https:\/\/www.pilatesdelateteauxpieds.com\/en\/pourquoi-pilates-de-la-tete-aux-pieds\/","title":{"rendered":"Why Pilates from Head to Toe?"},"content":{"rendered":"<section class=\"wpb-content-wrapper\"><div data-vc-full-width=\"true\" data-vc-full-width-init=\"false\" class=\"vc_row wpb_row vc_row-fluid\"><div class=\"wpb_column vc_column_container vc_col-sm-12 sc_layouts_column_icons_position_left\"><div class=\"vc_column-inner\"><div class=\"wpb_wrapper\">\n\t<div class=\"wpb_text_column wpb_content_element\" >\n\t\t<div class=\"wpb_wrapper\">\n\t\t\t<p style=\"text-align: center;\">Doing Pilates makes you healthier and makes you feel better from head to toe! A typical question is \"what part of the body is this exercise for?\" and the answer is: \"Everything!\" A unique feature of the Pilates method and one of the reasons it has proven to be so efficient is that the majority of the exercises require that your entire body work together to execute the movements From Head to Toe.<\/p>\n\n\t\t<\/div>\n\t<\/div>\n<div class=\"vc_empty_space\"   style=\"height: 2.3em\"><span class=\"vc_empty_space_inner\"><\/span><\/div><\/div><\/div><\/div><\/div><div class=\"vc_row-full-width vc_clearfix\"><\/div><div class=\"vc_row wpb_row vc_row-fluid\"><div class=\"wpb_column vc_column_container vc_col-sm-6 sc_layouts_column_icons_position_left\"><div class=\"vc_column-inner\"><div class=\"wpb_wrapper\">\n\t<div class=\"wpb_text_column wpb_content_element\" >\n\t\t<div class=\"wpb_wrapper\">\n\t\t\t<h3 style=\"text-align: center;\">But also from Toe to Head\u2026<\/h3>\n<p style=\"text-align: center;\">Pilates improves posture and alignment of the body from the ground up, starting with the way the weight of the body is distributed on the feet all the way up to the tip top of the head. Improved posture and alignment of the spine can lead to better circulation, the creation of a stronger, suppler and more toned body and greater lung capacity. All of these improvements make you more energetic each and every day.<\/p>\n<h3 style=\"text-align: center;\">And again From Head to Toe.<\/h3>\n<p style=\"text-align: center;\">Pilates is not only about exercising in a way that engages the entire body, it requires the concentration of the mind and actually creates new neural pathways. Learning to move in a \"Pilates way\" is a new experience for the body as well as a new way of thinking and challenging the mind.<\/p>\n\n\t\t<\/div>\n\t<\/div>\n<div class=\"vc_empty_space\"   style=\"height: 3em\"><span class=\"vc_empty_space_inner\"><\/span><\/div><div class=\"vc_empty_space\"   style=\"height: 3em\"><span class=\"vc_empty_space_inner\"><\/span><\/div><\/div><\/div><\/div><div class=\"wpb_column vc_column_container vc_col-sm-6 sc_layouts_column_icons_position_left\"><div class=\"vc_column-inner\"><div class=\"wpb_wrapper\">\n\t<div  class=\"wpb_single_image wpb_content_element vc_align_left\">\n\t\t\n\t\t<figure class=\"wpb_wrapper vc_figure\">\n\t\t\t<div class=\"vc_single_image-wrapper   vc_box_border_grey\"><img loading=\"lazy\" decoding=\"async\" width=\"1800\" height=\"1200\" src=\"https:\/\/www.pilatesdelateteauxpieds.com\/wp-content\/uploads\/2021\/04\/pilates-de-la-tete-aux-pieds-studio-paris-05.jpg\" class=\"vc_single_image-img attachment-full\" alt=\"Pilates de la t\u00eate aux pieds\" title=\"Pilates de la t\u00eate aux pieds - studio \u00e0 Paris 75002\" srcset=\"https:\/\/www.pilatesdelateteauxpieds.com\/wp-content\/uploads\/2021\/04\/pilates-de-la-tete-aux-pieds-studio-paris-05.jpg 1800w, https:\/\/www.pilatesdelateteauxpieds.com\/wp-content\/uploads\/2021\/04\/pilates-de-la-tete-aux-pieds-studio-paris-05-300x200.jpg 300w, https:\/\/www.pilatesdelateteauxpieds.com\/wp-content\/uploads\/2021\/04\/pilates-de-la-tete-aux-pieds-studio-paris-05-1024x683.jpg 1024w, https:\/\/www.pilatesdelateteauxpieds.com\/wp-content\/uploads\/2021\/04\/pilates-de-la-tete-aux-pieds-studio-paris-05-768x512.jpg 768w, https:\/\/www.pilatesdelateteauxpieds.com\/wp-content\/uploads\/2021\/04\/pilates-de-la-tete-aux-pieds-studio-paris-05-1536x1024.jpg 1536w, https:\/\/www.pilatesdelateteauxpieds.com\/wp-content\/uploads\/2021\/04\/pilates-de-la-tete-aux-pieds-studio-paris-05-370x247.jpg 370w, https:\/\/www.pilatesdelateteauxpieds.com\/wp-content\/uploads\/2021\/04\/pilates-de-la-tete-aux-pieds-studio-paris-05-760x507.jpg 760w, https:\/\/www.pilatesdelateteauxpieds.com\/wp-content\/uploads\/2021\/04\/pilates-de-la-tete-aux-pieds-studio-paris-05-600x400.jpg 600w\" sizes=\"auto, (max-width: 1800px) 100vw, 1800px\" \/><\/div>\n\t\t<\/figure>\n\t<\/div>\n<div class=\"vc_empty_space\"   style=\"height: 2em\"><span class=\"vc_empty_space_inner\"><\/span><\/div><\/div><\/div><\/div><\/div><div class=\"vc_row wpb_row vc_row-fluid\"><div class=\"wpb_column vc_column_container vc_col-sm-12 sc_layouts_column_icons_position_left\"><div class=\"vc_column-inner\"><div class=\"wpb_wrapper\"><div class=\"sc_item_button sc_button_wrap sc_align_center\"><a href=\"https:\/\/www.pilatesdelateteauxpieds.com\/en\/emily-mazo-rizzi-professeur-de-pilates\/\" id=\"sc_button_1102404015\" class=\"sc_button sc_button_accent sc_button_size_small sc_button_icon_left\"><span class=\"sc_button_text\"><span class=\"sc_button_title\">Learn more about Emily<\/span><\/span><!-- \/.sc_button_text --><\/a><!-- \/.sc_button --><\/div><!-- \/.sc_item_button --><\/div><\/div><\/div><\/div>\n<\/section>","protected":false},"excerpt":{"rendered":"Faire du Pilates vous rend plus sain et vous fait vous sentir mieux, de la t\u00eate aux pieds ! Une question typique est \u00ab pour quelle partie du corps est cet exercice ? \u00bb et la r\u00e9ponse est: \u00ab Toutes \u00bb. Une caract\u00e9ristique unique de la m\u00e9thode Pilates - et l'une des raisons pour lesquelles elle s'est av\u00e9r\u00e9e aussi efficace&hellip;","protected":false},"author":7,"featured_media":0,"parent":0,"menu_order":0,"comment_status":"closed","ping_status":"closed","template":"","meta":{"footnotes":""},"class_list":["post-1861","page","type-page","status-publish","hentry"],"_links":{"self":[{"href":"https:\/\/www.pilatesdelateteauxpieds.com\/en\/wp-json\/wp\/v2\/pages\/1861","targetHints":{"allow":["GET"]}}],"collection":[{"href":"https:\/\/www.pilatesdelateteauxpieds.com\/en\/wp-json\/wp\/v2\/pages"}],"about":[{"href":"https:\/\/www.pilatesdelateteauxpieds.com\/en\/wp-json\/wp\/v2\/types\/page"}],"author":[{"embeddable":true,"href":"https:\/\/www.pilatesdelateteauxpieds.com\/en\/wp-json\/wp\/v2\/users\/7"}],"replies":[{"embeddable":true,"href":"https:\/\/www.pilatesdelateteauxpieds.com\/en\/wp-json\/wp\/v2\/comments?post=1861"}],"version-history":[{"count":11,"href":"https:\/\/www.pilatesdelateteauxpieds.com\/en\/wp-json\/wp\/v2\/pages\/1861\/revisions"}],"predecessor-version":[{"id":2451,"href":"https:\/\/www.pilatesdelateteauxpieds.com\/en\/wp-json\/wp\/v2\/pages\/1861\/revisions\/2451"}],"wp:attachment":[{"href":"https:\/\/www.pilatesdelateteauxpieds.com\/en\/wp-json\/wp\/v2\/media?parent=1861"}],"curies":[{"name":"wp","href":"https:\/\/api.w.org\/{rel}","templated":true}]}}