{"id":1853,"date":"2021-03-16T18:54:13","date_gmt":"2021-03-16T17:54:13","guid":{"rendered":"http:\/\/pilatesdelateteauxpieds.com\/?page_id=1853"},"modified":"2026-04-13T11:35:14","modified_gmt":"2026-04-13T09:35:14","slug":"emily-mazo-rizzi-professeur-de-pilates","status":"publish","type":"page","link":"https:\/\/www.pilatesdelateteauxpieds.com\/en\/emily-mazo-rizzi-professeur-de-pilates\/","title":{"rendered":"Emily Mazo-Rizzi Bio"},"content":{"rendered":"<section class=\"wpb-content-wrapper\"><div data-vc-full-width=\"true\" data-vc-full-width-init=\"false\" class=\"vc_row wpb_row vc_row-fluid\"><div class=\"wpb_column vc_column_container vc_col-sm-12 sc_layouts_column_icons_position_left\"><div class=\"vc_column-inner\"><div class=\"wpb_wrapper\">\n\t<div class=\"wpb_text_column wpb_content_element\" >\n\t\t<div class=\"wpb_wrapper\">\n\t\t\t<p style=\"text-align: center;\"><i>Membre de la F\u00e9d\u00e9ration des Professionnels de la m\u00e9thode Pilates (Fpmp) et titulaire du dipl\u00f4me CQP-ALS (Certificat de Qualification Professionnelle d&#8217;Animateur de Loisir Sportif) pour l\u2019enseignement du Pilates en France.<\/i><\/p>\n\n\t\t<\/div>\n\t<\/div>\n<div class=\"vc_empty_space\"   style=\"height: 2.3em\"><span class=\"vc_empty_space_inner\"><\/span><\/div><\/div><\/div><\/div><\/div><div class=\"vc_row-full-width vc_clearfix\"><\/div><div class=\"vc_row wpb_row vc_row-fluid\"><div class=\"wpb_column vc_column_container vc_col-sm-6 sc_layouts_column_icons_position_left\"><div class=\"vc_column-inner\"><div class=\"wpb_wrapper\"><div class=\"vc_empty_space\"   style=\"height: 3em\"><span class=\"vc_empty_space_inner\"><\/span><\/div>\n\t<div  class=\"wpb_single_image wpb_content_element vc_align_center\">\n\t\t\n\t\t<figure class=\"wpb_wrapper vc_figure\">\n\t\t\t<div class=\"vc_single_image-wrapper   vc_box_border_grey\"><img loading=\"lazy\" decoding=\"async\" width=\"1333\" height=\"2000\" src=\"https:\/\/www.pilatesdelateteauxpieds.com\/wp-content\/uploads\/2026\/04\/Emily_15_OK_1333_2000_bf91966b-9470-4de9-89bf-0bb230d50124.jpeg\" class=\"vc_single_image-img attachment-full\" alt=\"Portrait de. Emily Mazo-Rizzi, professeur de Pilates \u00e0 paris\" title=\"Emily Mazo-Rizzi, professeur de Pilates \u00e0 Paris\" srcset=\"https:\/\/www.pilatesdelateteauxpieds.com\/wp-content\/uploads\/2026\/04\/Emily_15_OK_1333_2000_bf91966b-9470-4de9-89bf-0bb230d50124.jpeg 1333w, https:\/\/www.pilatesdelateteauxpieds.com\/wp-content\/uploads\/2026\/04\/Emily_15_OK_1333_2000_bf91966b-9470-4de9-89bf-0bb230d50124-200x300.jpeg 200w, https:\/\/www.pilatesdelateteauxpieds.com\/wp-content\/uploads\/2026\/04\/Emily_15_OK_1333_2000_bf91966b-9470-4de9-89bf-0bb230d50124-682x1024.jpeg 682w, https:\/\/www.pilatesdelateteauxpieds.com\/wp-content\/uploads\/2026\/04\/Emily_15_OK_1333_2000_bf91966b-9470-4de9-89bf-0bb230d50124-100x150.jpeg 100w, https:\/\/www.pilatesdelateteauxpieds.com\/wp-content\/uploads\/2026\/04\/Emily_15_OK_1333_2000_bf91966b-9470-4de9-89bf-0bb230d50124-768x1152.jpeg 768w, https:\/\/www.pilatesdelateteauxpieds.com\/wp-content\/uploads\/2026\/04\/Emily_15_OK_1333_2000_bf91966b-9470-4de9-89bf-0bb230d50124-1024x1536.jpeg 1024w, https:\/\/www.pilatesdelateteauxpieds.com\/wp-content\/uploads\/2026\/04\/Emily_15_OK_1333_2000_bf91966b-9470-4de9-89bf-0bb230d50124-8x12.jpeg 8w, https:\/\/www.pilatesdelateteauxpieds.com\/wp-content\/uploads\/2026\/04\/Emily_15_OK_1333_2000_bf91966b-9470-4de9-89bf-0bb230d50124-370x555.jpeg 370w, https:\/\/www.pilatesdelateteauxpieds.com\/wp-content\/uploads\/2026\/04\/Emily_15_OK_1333_2000_bf91966b-9470-4de9-89bf-0bb230d50124-760x1140.jpeg 760w\" sizes=\"auto, (max-width: 1333px) 100vw, 1333px\" \/><\/div>\n\t\t<\/figure>\n\t<\/div>\n<\/div><\/div><\/div><div class=\"wpb_column vc_column_container vc_col-sm-6 sc_layouts_column_icons_position_left\"><div class=\"vc_column-inner\"><div class=\"wpb_wrapper\">\n\t<div class=\"wpb_text_column wpb_content_element  vc_custom_1615917027376\" >\n\t\t<div class=\"wpb_wrapper\">\n\t\t\t<h3>A Bit about Me<\/h3>\n<p>My goal as a Pilates instructor is to <strong>vous aider \u00e0 vous sentir plus \u00e0 l&#8217;aise dans votre propre corps, \u00e0 le renforcer en harmonie avec votre esprit et votre mental<\/strong> afin d&#8217;\u00eatre mieux pr\u00e9par\u00e9s pour vos activit\u00e9s quotidiennes.<\/p>\n<p><strong>I have been teaching Pilates since 2010<\/strong> , and it has been part of the many chapters of my life since 2005. When I first started, I was an Internet Project Manager and I attended Pilates classes after work. What a contrast and pleasure it was to move and breathe!  In 2009 I traded in my sedentary profession for a new one, in movement and in constant contact with others. I moved to Boulder, Colorado for a year to attend <a href=\"http:\/\/www.thepilatescenter.com\/\" target=\"_blank\" rel=\"noopener\">The Pilates Center Training Program<\/a>.<\/p>\n<p>I continued my Pilates practice throughout both of my pregnancies in 2012 and 2017. Pilates was an integral part of my well-being during pregnancy and recovery after the childbirths. It helped and continues to help my body meet the physical demands of caring for children.<\/p>\n<p>Life is ever changing and Pilates is the perfect method to <strong>accompany the physical challenges<\/strong>. En ayant fait et en faisant chaque jour l&#8217;exp\u00e9rience, je peux vous le garantir !<\/p>\n\n\t\t<\/div>\n\t<\/div>\n<div class=\"vc_empty_space\"   style=\"height: 2em\"><span class=\"vc_empty_space_inner\"><\/span><\/div><div class=\"sc_item_button sc_button_wrap sc_align_center\"><a href=\"https:\/\/www.pilatesdelateteauxpieds.com\/en\/qu-est-ce-que-le-pilates-explications\/\" id=\"sc_button_1114092519\" class=\"sc_button sc_button_accent sc_button_size_small sc_button_icon_left\"><span class=\"sc_button_text\"><span class=\"sc_button_title\">What is Pilates?<\/span><\/span><!-- \/.sc_button_text --><\/a><!-- \/.sc_button --><\/div><!-- \/.sc_item_button --><div class=\"vc_empty_space\"   style=\"height: 2em\"><span class=\"vc_empty_space_inner\"><\/span><\/div><\/div><\/div><\/div><\/div><div class=\"vc_row wpb_row vc_row-fluid\"><div class=\"wpb_column vc_column_container vc_col-sm-12 sc_layouts_column_icons_position_left\"><div class=\"vc_column-inner\"><div class=\"wpb_wrapper\"><div class=\"vc_empty_space  hide_on_mobile\"   style=\"height: 6.1em\"><span class=\"vc_empty_space_inner\"><\/span><\/div><\/div><\/div><\/div><\/div><div class=\"vc_row wpb_row vc_row-fluid\"><div class=\"wpb_column vc_column_container vc_col-sm-12 sc_layouts_column_icons_position_left\"><div class=\"vc_column-inner\"><div class=\"wpb_wrapper\"><div id=\"sc_title_1075148924\"\n\t\tclass=\"sc_title sc_title_default hide_icon\"><h6 class=\"sc_item_subtitle sc_title_subtitle sc_align_center sc_item_title_style_default\">Mon parcours Pilates depuis 2005<\/h6><h3 class=\"sc_item_title sc_title_title sc_align_center sc_item_title_style_default\">Emily & la m\u00e9thode Pilates<\/h3><\/div><!-- \/.sc_title -->\n\t<div  class=\"wpb_single_image wpb_content_element vc_align_center\">\n\t\t\n\t\t<figure class=\"wpb_wrapper vc_figure\">\n\t\t\t<div class=\"vc_single_image-wrapper   vc_box_border_grey\"><img loading=\"lazy\" decoding=\"async\" width=\"2560\" height=\"2560\" src=\"https:\/\/www.pilatesdelateteauxpieds.com\/wp-content\/uploads\/2025\/04\/emily-bio-timeline-scaled.jpg\" class=\"vc_single_image-img attachment-full\" alt=\"\" title=\"emily-bio-timeline\" srcset=\"https:\/\/www.pilatesdelateteauxpieds.com\/wp-content\/uploads\/2025\/04\/emily-bio-timeline-scaled.jpg 2560w, https:\/\/www.pilatesdelateteauxpieds.com\/wp-content\/uploads\/2025\/04\/emily-bio-timeline-300x300.jpg 300w, https:\/\/www.pilatesdelateteauxpieds.com\/wp-content\/uploads\/2025\/04\/emily-bio-timeline-1024x1024.jpg 1024w, https:\/\/www.pilatesdelateteauxpieds.com\/wp-content\/uploads\/2025\/04\/emily-bio-timeline-150x150.jpg 150w, https:\/\/www.pilatesdelateteauxpieds.com\/wp-content\/uploads\/2025\/04\/emily-bio-timeline-768x768.jpg 768w, https:\/\/www.pilatesdelateteauxpieds.com\/wp-content\/uploads\/2025\/04\/emily-bio-timeline-1536x1536.jpg 1536w, https:\/\/www.pilatesdelateteauxpieds.com\/wp-content\/uploads\/2025\/04\/emily-bio-timeline-2048x2048.jpg 2048w, https:\/\/www.pilatesdelateteauxpieds.com\/wp-content\/uploads\/2025\/04\/emily-bio-timeline-12x12.jpg 12w, https:\/\/www.pilatesdelateteauxpieds.com\/wp-content\/uploads\/2025\/04\/emily-bio-timeline-370x370.jpg 370w, https:\/\/www.pilatesdelateteauxpieds.com\/wp-content\/uploads\/2025\/04\/emily-bio-timeline-90x90.jpg 90w, https:\/\/www.pilatesdelateteauxpieds.com\/wp-content\/uploads\/2025\/04\/emily-bio-timeline-760x760.jpg 760w\" sizes=\"auto, (max-width: 2560px) 100vw, 2560px\" \/><\/div>\n\t\t<\/figure>\n\t<\/div>\n<div class=\"vc_empty_space  height_large hide_on_mobile\"   style=\"height: 32px\"><span class=\"vc_empty_space_inner\"><\/span><\/div>\n\t<div class=\"wpb_text_column wpb_content_element\" >\n\t\t<div class=\"wpb_wrapper\">\n\t\t\t<h3>2005<\/h3>\n<p>Une copine, Alexandra, me propose de venir tester un cours de Pilates avec elle. Je n\u2019ai aucune id\u00e9e de ce que c\u2019est. Elle me dit \u00ab c\u2019est un truc am\u00e9ricain, peut-\u00eatre tu connais ? \u00bb. Je commence \u00e0 suivre les cours chez \u00ab Et votre corps sourit \u00bb un studio de \u00ab gym douce \u00bb g\u00e9r\u00e9 par Helen Haynes \u00e0 Paris. Le studio avait une belle \u00e9quipe de professeurs de mouvement bien form\u00e9s.<\/p>\n<h3>2008<\/h3>\n<p>\u00c7a fait 3 ans que je suis des cours de Pilates au moins hebdomadaires. J\u2019aime beaucoup, je ressens et je vois les am\u00e9liorations dans mon corps. Je suis chef de projet internet et je viens au cours le soir \u00e0 o\u00f9 l\u2019heure de d\u00e9jeuner.<br \/>\nJe me marie et apr\u00e8s le mariage je commence \u00e0 me poser des questions sur ma vie professionnelle. Je ne me vois pas passer ma vie toute seule derri\u00e8re un ordinateur. J\u2019ai envie d\u2019\u00eatre en mouvement et en contact avec des personnes.<br \/>\nUn jour en cours de Pilates, je me dis \u00ab et si moi j\u2019enseignais cette m\u00e9thode ? \u00bb.<br \/>\nJe demande \u00e0 ma professeur de Pilates Laurence Leuvrey si elle serait d\u2019accord de prendre un caf\u00e9 avec moi pour que je lui pose des questions sur son m\u00e9tier.<br \/>\nElle me conseille avant tout de d\u00e9couvrir les machines Pilates, jusqu\u2019\u00e0 l\u00e0 je n\u2019avais pris que de cours tapis. Elle a un Reformer chez elle, je commence \u00e0 prendre des cours priv\u00e9s avec elle. J\u2019adore comment l&#8217;encha\u00eenement des exercices sur le Reformer am\u00e9liore ma pratique de Pilates sur tapis et vice versa, je commence \u00e0 voir la richesse de cette m\u00e9thode.<br \/>\nJe prends aussi des cours au studio de Pilates Corebody et me renseigne sur les formations pour devenir professeur de Pilates.<\/p>\n<h3>2009<\/h3>\n<p>Apr\u00e8s avoir parl\u00e9 avec plusieurs professeurs de Pilates, \u00e7a devient une \u00e9vidence que je dois retourner aux Etats-Unis pour suivre ma formation. Je postule alors pour la formation chez <a href=\"https:\/\/thepilatescenter.com\/\">The Pilates Center Training Program<\/a> \u00e0 Boulder, Colorado et je suis prise.<\/p>\n<p>J\u2019obtiens la nationalit\u00e9 fran\u00e7aise.<\/p>\n<p>10 ans apr\u00e8s mon arriv\u00e9e \u00e0 Paris, je pars avec mon mari au mois d\u2019ao\u00fbt. La formation commence en septembre, nous d\u00e9couvrons la vie am\u00e9ricaine \u00e0 Boulder au pied des Rocheuses. Nous vivons une belle ann\u00e9e de d\u00e9couverte de l&#8217;ouest am\u00e9ricain et de Pilates pour moi, mon mari aussi car c\u2019est mon premier \u00e9l\u00e8ve test ! J\u2019ai la chance de pouvoir garder mon travail de chef de projet Internet que je fais \u00e0 distance pendant la formation.<\/p>\n<h3>2010<\/h3>\n<p>J\u2019ai fait 900 ans de formation avec les s\u0153urs Taylor, Amy &amp; Rachel et <a href=\"https:\/\/thepilatescenter.com\/meet-our-staff\/\">lors \u00e9quipe hors pair<\/a> : Kelli Burkhlater, Debora Kolwey, D\u00e9sir\u00e9e Sanchez, Leah Wecksler, Kaile Ziemba. Amy &amp; Rachel ont \u00e9t\u00e9 form\u00e9 aupr\u00e8s de Romana Kryzanoowska, une des \u00e9l\u00e8ves de Joseph Pilates, on les appelle \u00ab les a\u00een\u00e9s \u00bb. Romana a particip\u00e9 au d\u00e9marrage de la formation de The Pilates Center \u00e0 Boulder. L\u2019\u00e9cole a \u00e9t\u00e9 fond\u00e9e en 1990 et continue aujourd\u2019hui \u00e0 former des professeurs de Pilates classique de qualit\u00e9.<br \/>\nEn ao\u00fbt j\u2019obtiens mon dipl\u00f4me de The Pilates Center.<br \/>\nMon mari et moi faisons un road trip dans l&#8217;ouest am\u00e9ricain puis retournons \u00e0 Paris.<\/p>\n<h3>2010-2012<\/h3>\n<p>Je d\u00e9couvre la vie et le travail d\u2019une professeur de Pilates \u00e0 Paris. Je teste tout : je donne des cours \u00e0 domicile, dans des bureaux, dans des studios, je fais des remplacements\u2026. Je travaille notamment chez Et Votre Corps Sourit et Corebody.<br \/>\nEn 2011 Je monte mes propres cours avec ma propre client\u00e8le que je d\u00e9veloppe dans le studio Nataraja de <a href=\"http:\/\/osmose-yoga-paris.com\/\">Renan de Germain<\/a>.<br \/>\nJe me forme aupr\u00e8s de <a href=\"https:\/\/thecenterforwomensfitness.com\/faculty\/carolyne-anthony\/\">Carolyne Anthony<\/a> en Pilates pr\u00e9 et post-natal.<br \/>\nJe deviens membre de la <a href=\"https:\/\/www.fpmp.fr\/\">FPMP<\/a> (F\u00e9d\u00e9ration des professionnels de la m\u00e9thode Pilates).<\/p>\n<h3>2012<\/h3>\n<p>Je suis enceinte de ma premi\u00e8re fille, je d\u00e9couvre le Pilates pour femme enceinte moi-m\u00eame. En octobre, j&#8217;accouche par c\u00e9sarienne en urgence. Je d\u00e9couvre la vie de jeune parent et les exigences physiques qui vont avec. Je me remets en forme avec la r\u00e9\u00e9ducation du p\u00e9rin\u00e9e prescrit par mon m\u00e9decin et avec la m\u00e9thode Pilates.<\/p>\n<h3>2013<\/h3>\n<p>Je d\u00e9couvre la vie d\u2019une maman qui travaille et me rends compte que je ne peux plus courir partout et bien m\u2019occuper de mon enfant. Je d\u00e9cide que je devrais trouver une fa\u00e7on de regrouper mes horaires de travail dans un ou deux lieux et les concentrer sur quelques jours. Je commence ma collaboration avec Rosalba Trentin et son studio Respiro o\u00f9 je monte mes nouveaux cours. Je commence \u00e0 me sp\u00e9cialiser en donnant des cours pr\u00e9 et post-natal.<\/p>\n<p>La FPMP propose une fa\u00e7on pour les professeurs de Pilates d\u00e9j\u00e0 dipl\u00f4m\u00e9s de se r\u00e9gulariser vis-\u00e0-vis de l&#8217;\u00c9tat fran\u00e7ais. Je suis dans le premier groupe de professeurs qui ont pu participer \u00e0 ce programme. Je passe donc le CQP-ALS d\u2019animateur loisir sportifs qui me permet d\u2019enseigner en toute l\u00e9galit\u00e9 le Pilates en France.<\/p>\n<p>Je me forme aupr\u00e8s de <a href=\"https:\/\/www.pilatesanytime.com\/instructor-bio\/57\/Michele-Larsson-Pilates-Teacher\">Michelle Larsson<\/a> \u00e0 Londres. Michelle a elle-m\u00eame \u00e9tait form\u00e9e par Eve Gentry, une autre a\u00een\u00e9e de Joseph Pilates.<br \/>\nJe qu\u00eate \u00e0 trouver un \u00e9quilibre pour femme \u00e0 plusieurs chapeaux : femme, maman, professeur de Pilates et \u00e0 assurer la r\u00e9gularit\u00e9 de ma propre pratique de Pilates.<\/p>\n<h3>2014-2016<\/h3>\n<p>Je continue mon rythme de donner des cours au studio Respiro et Nataraja et en 2016 \u00e0 <a href=\"https:\/\/flowerpilates.fr\/\">Paris Pilates<\/a>, un studio de professeurs de Pilates classique ind\u00e9pendants g\u00e9r\u00e9 par Andrea Lafleur.<br \/>\nPendant ces ann\u00e9es je me forme en ligne via le site web Pilates Anytime, je d\u00e9couvre notamment <a href=\"https:\/\/carareeserpilates.com\/\">Cara Reeser<\/a>, une \u00e9l\u00e8ve de Cathy Grant, une autre a\u00een\u00e9 de Jospeh Pilates. Cara avait \u00e9galement \u00e9t\u00e9 form\u00e9e \u00e0 The Pilates Center. Le travail de Cara fait sens avec ma fa\u00e7on d\u2019aborder le Pilates, je me pr\u00e9sente par email et on commence \u00e0 \u00e9changer de temps en temps.<\/p>\n<h3>2017<\/h3>\n<p>Cara vient en Europe pour donner des formations continues. Je me forme avec elle sur le travail <a href=\"https:\/\/www.kathygrantpilates.com\/\">Kathy Grant<\/a> \u00e0 Amsterdam et organise une journ\u00e9e de formation &#8220;Freeing up your neck and shoulders&#8221; avec elle pour des professeurs de Pilates \u00e0 Paris chez Respiro.<br \/>\nJe commence \u00e0 faire du b\u00e9n\u00e9volat \u00e0 l&#8217;\u00e9cole de ma fille, je continue toujours aujourd&#8217;hui en 2025, \u00e0 donner des cours de Pilates ponctuellement aux enfants et aux enseignants.<br \/>\nJe suis enceinte de ma 2\u00e8me fille et je continue \u00e0 travailler jusqu\u2019\u00e0 un mois avant la date pr\u00e9vue d\u2019accouchement.<\/p>\n<h3>2018<\/h3>\n<p>En janvier, j\u2019accouche \u00e0 nouveau par c\u00e9sarienne en urgence et me remets en forme \u00e0 nouveau gr\u00e2ce aux r\u00e9\u00e9ducations du p\u00e9rin\u00e9e et abdos et \u00e9videmment par le Pilates. Je d\u00e9couvre la vie de famille \u00e0 4 et la fatigue quasi permanente d\u2019un parent de 2 enfants qui travaille. Je reprends mes cours au mois de mai apr\u00e8s avoir \u00e9t\u00e9 super bien remplac\u00e9e par ma coll\u00e8gue H\u00e9l\u00e8ne Masquelier pendant mon cong\u00e9 maternit\u00e9.<\/p>\n<h3>2019<\/h3>\n<p>Nous entrons dans un rythme d\u2019une famille de 4 et je continue \u00e0 donner mes cours habituels sauf qu\u2019en lieu de donner des cours deux soirs par semaine je suis pass\u00e9e \u00e0 un soir par semaine.<br \/>\nJe fais ma premi\u00e8re formation de <a href=\"https:\/\/movementsciencemadesimple.com\/\">Movement Science Made Simple<\/a> \u00ab Stand &amp; Deliver \u00bb avec Cara Reeser et Jeremy Laverdure \u00e0 Zurich.<\/p>\n<h3>2020<\/h3>\n<p>Le COVID nous bouleverse tous.<br \/>\nJ\u2019essaie de garder mes \u00e9l\u00e8ves et mon bien-\u00eatre mental en proposant 3 enregistrements de 3 cours de 30 minutes par semaine. Je les filme \u00e0 l\u2019heure de la sieste de ma petite qui a tout juste 2 ans pendant que ma grande de 7 ans se met dans notre chambre avec mon mari qui travaille. Je sors marcher tous les matins par avoir la t\u00eate pr\u00eate \u00e0 g\u00e9rer la journ\u00e9e en famille \u00e0 l\u2019int\u00e9rieur.<br \/>\nEn \u00e9t\u00e9, ma collaboration avec le studio prend fin.<br \/>\nJe me pose de grandes questions. Apr\u00e8s une s\u00e9ance de \u00ab th\u00e9rapie \u00bb de professeur de mouvement avec Renan de Germain je suis devant une \u00e9vidence : j\u2019ai (presque) 43 ans, j\u2019ai 2 enfants et la derni\u00e8re sera scolaris\u00e9e en septembre, j&#8217;ai aussi le soutien pr\u00e9cieux de mon mari. C\u2019est le moment ou jamais de r\u00e9aliser mon r\u00eave : ouvrir mon propre studio de Pilates.<br \/>\nJ\u2019ai une chance folle \u00e0 trouver rapidement un local et ce dans le centre de Paris, je signe le bail le 11 septembre.<br \/>\nDeux super copines Sara et Sarah viennent \u00e0 Paris et dans une semaine nous avons pr\u00e9par\u00e9 le studio pour l\u2019ouverture.<br \/>\nLundi 21 septembre j\u2019ouvre les portes de mon studio Pilates de la t\u00eate aux pieds !<\/p>\n<h3>2021<\/h3>\n<p>Le studio d\u00e9marre lentement mais s\u00fbrement. L\u2019\u00e9poque COVID est un d\u00e9fi mais on surmonte.<br \/>\nJe peux maintenant me former en ligne avec Cara et Jeremy, je prends des cours hebdomadaires avec Cara \u00e0 distance et je peux continuer \u00e0 me former avec Movement Science Made Simple en ligne. Je suis la formation de \u00ab Look, Listen, Push, Pull \u00bb en ligne. Les \u00e9l\u00e8ves appr\u00e9cient le studio et mon enseignement, j\u2019en garde beaucoup et en rencontre des nouveaux.<\/p>\n<h3>2022<\/h3>\n<p>Au d\u00e9but de l&#8217;ann\u00e9e je d\u00e9marre la tradition pour les \u00e9l\u00e8ves et les professeurs de mettre leurs objectifs Pilates pour l&#8217;ann\u00e9e sur le mur au studio. Le studio grandit ! Je suis fi\u00e8re de mettre \u00e0 disposition le studio \u00e0 trois coll\u00e8gues professeurs de Pilates exp\u00e9riment\u00e9es et de confiance C\u00e9cile Angleraud et Fatima NDoye et Keiko Abe-Potier. Je suis des formations continue en ligne avec Movement Science Made Simple \u201cYour Song is Your Strength\u201d et \u00a0&#8220;Our Adaptable Feet\u201d avec <a href=\"https:\/\/movementresearch.org\/people\/irene-dowd\/\">rene Dowd<\/a>.<\/p>\n<h3>2023<\/h3>\n<p>Le studio continue \u00e0 grandir nous propose les massages de Maya Gurung.<br \/>\nJe suis des formations continue en ligne avec Movement Science Made Simple \u201cThe Advanced Spine\u201d.<br \/>\nSur un plan d&#8217;entra\u00eenement personnel je d\u00e9cide de d\u00e9fier une de mes peurs et mes envies de m\u2019inverser sur les mains ! Je commence \u00e0 travailler avec <a href=\"https:\/\/laetitialecuyer.com\">La\u00ebtitia L\u00e9cuyer<\/a> professeur de yoga et d\u2019inversions. Je me d\u00e9fis, je m\u2019\u00e9clate et mes exp\u00e9riences nourrissent mon enseignement de Pilates.<\/p>\n<h3>2024<\/h3>\n<p>En octobre le studio pr\u00e9sente une exposition &#8220;Gestes&#8221; de l&#8217;artiste et \u00e9l\u00e8ve du studio <a href=\"https:\/\/www.evaromain.com\/\">Eva Romain<\/a>. Je continue mes formations Movement Science Made Simple avec \u00ab The Advanced Spine \u00bb et encore deux autres avec des coll\u00e8gues de Cara &amp; Jeremy \u00ab Muscles in Motion \u00bb avec Jeremey Laverdure &amp; <a href=\"https:\/\/loudounpilates.com\/instructors\/\">Amy Herhsey<\/a> et puis \u00ab Pregnancy &amp; Postpartum \u00bb avec <a href=\"https:\/\/movementdesignlab.com\/bre\">Bre Dumke Helfrich<\/a>. C\u2019est la meilleure ann\u00e9e du studio jusqu\u2019\u00e0 l\u00e0, les cours sont bien remplis et on ajoute d\u2019autres. Nous avons tent\u00e9 d\u2019incorporer le yoga avec la super professeure <a href=\"https:\/\/www.a-soi.com\/\">Marine Dessesard<\/a>.<\/p>\n<h3>2025<\/h3>\n<p>Le printemps marque mes 20 ans de pratique de Pilates !<br \/>\nEn septembre le studio aura 5 ans et j\u2019ai le plaisir de recevoir Cara &amp; Jeremy avec Movement Science Made Simple au studio !<br \/>\nJe d\u00e9veloppe des projets pour assurer le futur du studio\u2026 aventure \u00e0 suivre, avec vous tous !<\/p>\n\n\t\t<\/div>\n\t<\/div>\n<\/div><\/div><\/div><\/div>\n<\/section>","protected":false},"excerpt":{"rendered":"Membre de la F\u00e9d\u00e9ration des Professionnels de la m\u00e9thode Pilates (Fpmp) et titulaire du dipl\u00f4me CQP-ALS (Certificat de Qualification Professionnelle d'Animateur de Loisir Sportif) pour l\u2019enseignement du Pilates en France. Quelques mots sur moi Mon objectif comme professeur de Pilates est de vous aider \u00e0 vous sentir plus \u00e0 l'aise dans votre propre corps, \u00e0 le renforcer en harmonie avec&hellip;","protected":false},"author":7,"featured_media":0,"parent":0,"menu_order":0,"comment_status":"closed","ping_status":"closed","template":"","meta":{"footnotes":""},"class_list":["post-1853","page","type-page","status-publish","hentry"],"_links":{"self":[{"href":"https:\/\/www.pilatesdelateteauxpieds.com\/en\/wp-json\/wp\/v2\/pages\/1853","targetHints":{"allow":["GET"]}}],"collection":[{"href":"https:\/\/www.pilatesdelateteauxpieds.com\/en\/wp-json\/wp\/v2\/pages"}],"about":[{"href":"https:\/\/www.pilatesdelateteauxpieds.com\/en\/wp-json\/wp\/v2\/types\/page"}],"author":[{"embeddable":true,"href":"https:\/\/www.pilatesdelateteauxpieds.com\/en\/wp-json\/wp\/v2\/users\/7"}],"replies":[{"embeddable":true,"href":"https:\/\/www.pilatesdelateteauxpieds.com\/en\/wp-json\/wp\/v2\/comments?post=1853"}],"version-history":[{"count":18,"href":"https:\/\/www.pilatesdelateteauxpieds.com\/en\/wp-json\/wp\/v2\/pages\/1853\/revisions"}],"predecessor-version":[{"id":3115,"href":"https:\/\/www.pilatesdelateteauxpieds.com\/en\/wp-json\/wp\/v2\/pages\/1853\/revisions\/3115"}],"wp:attachment":[{"href":"https:\/\/www.pilatesdelateteauxpieds.com\/en\/wp-json\/wp\/v2\/media?parent=1853"}],"curies":[{"name":"wp","href":"https:\/\/api.w.org\/{rel}","templated":true}]}}