{"id":3063,"date":"2026-02-14T17:59:15","date_gmt":"2026-02-14T16:59:15","guid":{"rendered":"https:\/\/www.pilatesdelateteauxpieds.com\/?page_id=3063"},"modified":"2026-04-13T11:55:57","modified_gmt":"2026-04-13T09:55:57","slug":"formation-continue-professeur-pilates-paris","status":"publish","type":"page","link":"http:\/\/www.pilatesdelateteauxpieds.com\/en\/formation-continue-professeur-pilates-paris\/","title":{"rendered":"Formation continue pour professeurs de Pilates"},"content":{"rendered":"<section class=\"wpb-content-wrapper\"><div class=\"vc_row wpb_row vc_row-fluid\"><div class=\"wpb_column vc_column_container vc_col-sm-12 sc_layouts_column_icons_position_left\"><div class=\"vc_column-inner\"><div class=\"wpb_wrapper\">\n\t<div class=\"wpb_text_column wpb_content_element\" >\n\t\t<div class=\"wpb_wrapper\">\n\t\t\t<h2 data-start=\"128\" data-end=\"184\">Pilates pour les professionnels et \u00e9l\u00e8ves en formation<\/h2>\n<p>Chez Pilates de la t\u00eate aux pieds, nous sommes une \u00e9quipe exp\u00e9riment\u00e9e. Chaque professeur cumule plus de 15 ans d\u2019enseignement, ainsi qu\u2019une pratique encore plus longue du Pilates et d\u2019autres disciplines du mouvement.<\/p>\n<p>Fortes de cette exp\u00e9rience et de notre savoir-faire, nous accompagnons avec plaisir les professeurs de Pilates et ceux en devenir. Nous sommes convaincus que la pratique, l\u2019\u00e9change et l\u2019observation enrichissent l\u2019enseignement. C\u2019est pourquoi nous proposons \u00e9galement des cours et formats d\u00e9di\u00e9s aux professionnels.<\/p>\n\n\t\t<\/div>\n\t<\/div>\n<div class=\"vc_empty_space\"   style=\"height: 32px\"><span class=\"vc_empty_space_inner\"><\/span><\/div><\/div><\/div><\/div><\/div><div class=\"vc_row wpb_row vc_row-fluid\"><div class=\"wpb_column vc_column_container vc_col-sm-6 sc_layouts_column_icons_position_left\"><div class=\"vc_column-inner\"><div class=\"wpb_wrapper\">\n\t<div  class=\"wpb_single_image wpb_content_element vc_align_left\">\n\t\t\n\t\t<figure class=\"wpb_wrapper vc_figure\">\n\t\t\t<div class=\"vc_single_image-wrapper   vc_box_border_grey\"><img loading=\"lazy\" decoding=\"async\" width=\"1095\" height=\"730\" src=\"http:\/\/www.pilatesdelateteauxpieds.com\/wp-content\/uploads\/2021\/06\/pilates-cours-participants26-BD.jpg\" class=\"vc_single_image-img attachment-full\" alt=\"Studio de Pilates priv\u00e9 Paris 75002\" title=\"Studio de Pilates Paris 2\u00e8me cours particuliers en duo\" srcset=\"http:\/\/www.pilatesdelateteauxpieds.com\/wp-content\/uploads\/2021\/06\/pilates-cours-participants26-BD.jpg 1095w, http:\/\/www.pilatesdelateteauxpieds.com\/wp-content\/uploads\/2021\/06\/pilates-cours-participants26-BD-300x200.jpg 300w, http:\/\/www.pilatesdelateteauxpieds.com\/wp-content\/uploads\/2021\/06\/pilates-cours-participants26-BD-1024x683.jpg 1024w, http:\/\/www.pilatesdelateteauxpieds.com\/wp-content\/uploads\/2021\/06\/pilates-cours-participants26-BD-150x100.jpg 150w, http:\/\/www.pilatesdelateteauxpieds.com\/wp-content\/uploads\/2021\/06\/pilates-cours-participants26-BD-768x512.jpg 768w, http:\/\/www.pilatesdelateteauxpieds.com\/wp-content\/uploads\/2021\/06\/pilates-cours-participants26-BD-16x12.jpg 16w, http:\/\/www.pilatesdelateteauxpieds.com\/wp-content\/uploads\/2021\/06\/pilates-cours-participants26-BD-370x247.jpg 370w, http:\/\/www.pilatesdelateteauxpieds.com\/wp-content\/uploads\/2021\/06\/pilates-cours-participants26-BD-760x507.jpg 760w\" sizes=\"auto, (max-width: 1095px) 100vw, 1095px\" \/><\/div>\n\t\t<\/figure>\n\t<\/div>\n<div class=\"vc_empty_space\"   style=\"height: 32px\"><span class=\"vc_empty_space_inner\"><\/span><\/div><\/div><\/div><\/div><div class=\"wpb_column vc_column_container vc_col-sm-6 sc_layouts_column_icons_position_left\"><div class=\"vc_column-inner\"><div class=\"wpb_wrapper\">\n\t<div class=\"wpb_text_column wpb_content_element\" >\n\t\t<div class=\"wpb_wrapper\">\n\t\t\t<h4 data-start=\"1130\" data-end=\"1197\">Cours collectif tapis pour les pros et professeurs en formation<\/h4>\n<p data-start=\"1199\" data-end=\"1554\">Venez pratiquer en profondeur entre professeurs de Pilates et professeurs en formation. La professeure changera \u00e0 chaque s\u00e9ance ainsi que le th\u00e8me, les accessoires, et le style du cours. Profitons d\u2019un moment privil\u00e9gi\u00e9 entre nous pour bouger, explorer, respirer et tout simplement pratiquer la m\u00e9thode qu\u2019on adore tant. Bonne humeur et convivialit\u00e9 au rendez-vous\u00a0!<\/p>\n<ul data-start=\"1556\" data-end=\"1639\">\n<li data-start=\"1556\" data-end=\"1572\">\n<p data-start=\"1558\" data-end=\"1572\">3 to 8 participants<\/p>\n<\/li>\n<li data-start=\"1573\" data-end=\"1594\">\n<p data-start=\"1575\" data-end=\"1594\">Une fois par mois<\/p>\n<\/li>\n<li data-start=\"1595\" data-end=\"1622\">\n<p data-start=\"1597\" data-end=\"1622\">Le lundi de 16 h \u00e0 17 h<\/p>\n<\/li>\n<li data-start=\"1623\" data-end=\"1639\">\n<p data-start=\"1625\" data-end=\"1639\">Tarif : 21 \u20ac<\/p>\n<\/li>\n<\/ul>\n\n\t\t<\/div>\n\t<\/div>\n<div class=\"vc_empty_space\"   style=\"height: 32px\"><span class=\"vc_empty_space_inner\"><\/span><\/div><div class=\"sc_item_button sc_button_wrap sc_align_center\"><a href=\"https:\/\/booksteam.com\/customer\/BookNowClasses.aspx?k=77ca3132726&#038;modelGuid=1eb18b79-797e-4e70-97f6-4f81656deb9e&#038;\" id=\"sc_button_1079307881\" class=\"sc_button sc_button_default sc_button_size_normal sc_button_icon_left\"><span class=\"sc_button_text\"><span class=\"sc_button_title\">Sign up on-line<\/span><\/span><!-- \/.sc_button_text --><\/a><!-- \/.sc_button --><\/div><!-- \/.sc_item_button --><div class=\"vc_empty_space\"   style=\"height: 32px\"><span class=\"vc_empty_space_inner\"><\/span><\/div><\/div><\/div><\/div><\/div><div class=\"vc_row wpb_row vc_row-fluid\"><div class=\"wpb_column vc_column_container vc_col-sm-12 sc_layouts_column_icons_position_left\"><div class=\"vc_column-inner\"><div class=\"wpb_wrapper\"><div class=\"vc_empty_space\"   style=\"height: 32px\"><span class=\"vc_empty_space_inner\"><\/span><\/div><\/div><\/div><\/div><\/div><div class=\"vc_row wpb_row vc_row-fluid\"><div class=\"wpb_column vc_column_container vc_col-sm-6 sc_layouts_column_icons_position_left\"><div class=\"vc_column-inner\"><div class=\"wpb_wrapper\">\n\t<div class=\"wpb_text_column wpb_content_element\" >\n\t\t<div class=\"wpb_wrapper\">\n\t\t\t<h4 data-start=\"1683\" data-end=\"1758\">Atelier pour professeurs de Pilates et professeurs en formation (4\u20138 \u00e9l\u00e8ves)<\/h4>\n<p data-start=\"1760\" data-end=\"1798\">Format 2 h sur un th\u00e8me comprenant :<\/p>\n<ul data-start=\"1799\" data-end=\"1880\">\n<li data-start=\"1799\" data-end=\"1839\">\n<p data-start=\"1801\" data-end=\"1839\">Une courte pr\u00e9sentation \/ discussion<\/p>\n<\/li>\n<li data-start=\"1840\" data-end=\"1852\">\n<p data-start=\"1842\" data-end=\"1852\">Pratique<\/p>\n<\/li>\n<li data-start=\"1853\" data-end=\"1880\">\n<p data-start=\"1855\" data-end=\"1880\">Pratique d\u2019enseignement<\/p>\n<\/li>\n<\/ul>\n<p data-start=\"1882\" data-end=\"1968\">Tarif : 45 \u20ac<\/p>\n<p data-start=\"1882\" data-end=\"1968\">Pour d\u00e9couvrir le prochain atelier, <a href=\"https:\/\/booksteam.com\/customer\/BookNowClasses.aspx?k=77ca3132726&amp;modelGuid=1eb18b79-797e-4e70-97f6-4f81656deb9e&amp;\">inscrivez-vous en ligne<\/a><\/p>\n\n\t\t<\/div>\n\t<\/div>\n<div class=\"vc_empty_space\"   style=\"height: 32px\"><span class=\"vc_empty_space_inner\"><\/span><\/div><\/div><\/div><\/div><div class=\"wpb_column vc_column_container vc_col-sm-6 sc_layouts_column_icons_position_left\"><div class=\"vc_column-inner\"><div class=\"wpb_wrapper\">\n\t<div class=\"wpb_text_column wpb_content_element\" >\n\t\t<div class=\"wpb_wrapper\">\n\t\t\t<h4 data-start=\"1975\" data-end=\"2050\">Atelier pour professeurs de Pilates et professeurs en formation (2\u20134 \u00e9l\u00e8ves)<\/h4>\n<p data-start=\"2052\" data-end=\"2090\">Format 2 h sur un th\u00e8me comprenant :<\/p>\n<ul data-start=\"2091\" data-end=\"2207\">\n<li data-start=\"2091\" data-end=\"2131\">\n<p data-start=\"2093\" data-end=\"2131\">Une courte pr\u00e9sentation \/ discussion<\/p>\n<\/li>\n<li data-start=\"2132\" data-end=\"2144\">\n<p data-start=\"2134\" data-end=\"2144\">Pratique<\/p>\n<\/li>\n<li data-start=\"2145\" data-end=\"2172\">\n<p data-start=\"2147\" data-end=\"2172\">Pratique d\u2019enseignement<\/p>\n<\/li>\n<li data-start=\"2174\" data-end=\"2190\">\n<p data-start=\"2176\" data-end=\"2190\">2 to 4<\/p>\n<\/li>\n<li data-start=\"2191\" data-end=\"2207\">\n<p data-start=\"2193\" data-end=\"2207\">Tarif : 70 \u20ac<\/p>\n<\/li>\n<\/ul>\n<p>Pour d\u00e9couvrir le prochain atelier, <a href=\"https:\/\/booksteam.com\/customer\/BookNowClasses.aspx?k=77ca3132726&amp;modelGuid=1eb18b79-797e-4e70-97f6-4f81656deb9e&amp;\">inscrivez-vous en ligne<\/a><\/p>\n\n\t\t<\/div>\n\t<\/div>\n<div class=\"vc_empty_space\"   style=\"height: 32px\"><span class=\"vc_empty_space_inner\"><\/span><\/div><\/div><\/div><\/div><\/div><div class=\"vc_row wpb_row vc_row-fluid\"><div class=\"wpb_column vc_column_container vc_col-sm-12 sc_layouts_column_icons_position_left\"><div class=\"vc_column-inner\"><div class=\"wpb_wrapper\"><div class=\"vc_empty_space  hide_on_mobile\"   style=\"height: 32px\"><span class=\"vc_empty_space_inner\"><\/span><\/div><\/div><\/div><\/div><\/div><div class=\"vc_row wpb_row vc_row-fluid\"><div class=\"wpb_column vc_column_container vc_col-sm-6 sc_layouts_column_icons_position_left\"><div class=\"vc_column-inner\"><div class=\"wpb_wrapper\">\n\t<div class=\"wpb_text_column wpb_content_element\" >\n\t\t<div class=\"wpb_wrapper\">\n\t\t\t<h4 data-start=\"2287\" data-end=\"2311\">Enseignement observ\u00e9<\/h4>\n<p data-start=\"2313\" data-end=\"2452\">Un de nos professeurs vous observe enseigner un cours de Pilates \u00e0 un \u00e9l\u00e8ve (de votre choix) et vous fait un retour sur votre enseignement.<\/p>\n<ul data-start=\"2454\" data-end=\"2485\">\n<li data-start=\"2454\" data-end=\"2468\">\n<p data-start=\"2456\" data-end=\"2468\">1 personne<\/p>\n<\/li>\n<li data-start=\"2469\" data-end=\"2485\">\n<p data-start=\"2471\" data-end=\"2485\">Tarif : 80 \u20ac<\/p>\n<\/li>\n<\/ul>\n<p data-start=\"2487\" data-end=\"2535\"><a href=\"mailto:emily@pilatesdelateteauxpieds.com\">&gt; Contactez-nous pour un rendez-vous<\/a><\/p>\n\n\t\t<\/div>\n\t<\/div>\n<div class=\"vc_empty_space\"   style=\"height: 32px\"><span class=\"vc_empty_space_inner\"><\/span><\/div><\/div><\/div><\/div><div class=\"wpb_column vc_column_container vc_col-sm-6 sc_layouts_column_icons_position_left\"><div class=\"vc_column-inner\"><div class=\"wpb_wrapper\">\n\t<div class=\"wpb_text_column wpb_content_element\" >\n\t\t<div class=\"wpb_wrapper\">\n\t\t\t<h4 data-start=\"2542\" data-end=\"2572\">Mise \u00e0 disposition group\u00e9e<\/h4>\n<p data-start=\"2574\" data-end=\"2849\">Vous \u00eates en formation et vous manquez d\u2019espace, d\u2019\u00e9quipements ou d\u2019accessoires pour vous entra\u00eener ? Organisez votre petit groupe afin de partager le co\u00fbt.<\/p>\n<p data-start=\"2574\" data-end=\"2849\">Le studio peut \u00eatre mis \u00e0 votre disposition sur rendez-vous. Un des membres du groupe doit d\u00e9j\u00e0 poss\u00e9der une RC pro.<\/p>\n<p data-start=\"2851\" data-end=\"2898\">&gt; <a href=\"mailto:emily@pilatesdelateteauxpieds.com\">Contactez directement Emily<\/a> pour plus d\u2019informations<\/p>\n\n\t\t<\/div>\n\t<\/div>\n<div class=\"vc_empty_space\"   style=\"height: 32px\"><span class=\"vc_empty_space_inner\"><\/span><\/div><\/div><\/div><\/div><\/div><div class=\"vc_row wpb_row vc_row-fluid\"><div class=\"wpb_column vc_column_container vc_col-sm-12 sc_layouts_column_icons_position_left\"><div class=\"vc_column-inner\"><div class=\"wpb_wrapper\"><div class=\"vc_empty_space  hide_on_mobile\"   style=\"height: 32px\"><span class=\"vc_empty_space_inner\"><\/span><\/div>\n\t<div class=\"wpb_text_column wpb_content_element\" >\n\t\t<div class=\"wpb_wrapper\">\n\t\t\t<h4 data-start=\"2905\" data-end=\"2938\">Observation et stages CQP-ALS<\/h4>\n<p data-start=\"2940\" data-end=\"3047\">Nous acceptons les \u00e9l\u00e8ves en formation pour observer nos cours et pouvons \u00eatre mentors d\u2019\u00e9l\u00e8ves en CQP-ALS.<\/p>\n<p data-start=\"3049\" data-end=\"3098\">Contactez Emily par email pour parler de vos besoins: <a href=\"mailto:emily@pilatesdelateteauxpieds.com\">emily@pilatesdelateteauxpieds.com<\/a><\/p>\n\n\t\t<\/div>\n\t<\/div>\n<div class=\"vc_empty_space\"   style=\"height: 72px\"><span class=\"vc_empty_space_inner\"><\/span><\/div><div class=\"sc_item_button sc_button_wrap sc_align_center\"><a href=\"mailto:emily@pilatesdelateteauxpieds.com\" id=\"sc_button_1775305950\" class=\"sc_button sc_button_default sc_button_size_normal sc_button_icon_left\"><span class=\"sc_button_text\"><span class=\"sc_button_title\">Contact Emily<\/span><\/span><!-- \/.sc_button_text --><\/a><!-- \/.sc_button --><\/div><!-- \/.sc_item_button --><\/div><\/div><\/div><\/div>\n<\/section>","protected":false},"excerpt":{"rendered":"Pilates pour les professionnels et \u00e9l\u00e8ves en formation Chez Pilates de la t\u00eate aux pieds, nous sommes une \u00e9quipe exp\u00e9riment\u00e9e. Chaque professeur cumule plus de 15 ans d\u2019enseignement, ainsi qu\u2019une pratique encore plus longue du Pilates et d\u2019autres disciplines du mouvement. Fortes de cette exp\u00e9rience et de notre savoir-faire, nous accompagnons avec plaisir les professeurs de Pilates et ceux en&hellip;","protected":false},"author":7,"featured_media":0,"parent":0,"menu_order":0,"comment_status":"closed","ping_status":"closed","template":"","meta":{"footnotes":""},"class_list":["post-3063","page","type-page","status-publish","hentry"],"_links":{"self":[{"href":"http:\/\/www.pilatesdelateteauxpieds.com\/en\/wp-json\/wp\/v2\/pages\/3063","targetHints":{"allow":["GET"]}}],"collection":[{"href":"http:\/\/www.pilatesdelateteauxpieds.com\/en\/wp-json\/wp\/v2\/pages"}],"about":[{"href":"http:\/\/www.pilatesdelateteauxpieds.com\/en\/wp-json\/wp\/v2\/types\/page"}],"author":[{"embeddable":true,"href":"http:\/\/www.pilatesdelateteauxpieds.com\/en\/wp-json\/wp\/v2\/users\/7"}],"replies":[{"embeddable":true,"href":"http:\/\/www.pilatesdelateteauxpieds.com\/en\/wp-json\/wp\/v2\/comments?post=3063"}],"version-history":[{"count":19,"href":"http:\/\/www.pilatesdelateteauxpieds.com\/en\/wp-json\/wp\/v2\/pages\/3063\/revisions"}],"predecessor-version":[{"id":3087,"href":"http:\/\/www.pilatesdelateteauxpieds.com\/en\/wp-json\/wp\/v2\/pages\/3063\/revisions\/3087"}],"wp:attachment":[{"href":"http:\/\/www.pilatesdelateteauxpieds.com\/en\/wp-json\/wp\/v2\/media?parent=3063"}],"curies":[{"name":"wp","href":"https:\/\/api.w.org\/{rel}","templated":true}]}}