{"id":3055,"date":"2026-02-14T16:39:28","date_gmt":"2026-02-14T15:39:28","guid":{"rendered":"https:\/\/www.pilatesdelateteauxpieds.com\/?page_id=3055"},"modified":"2026-04-13T11:56:05","modified_gmt":"2026-04-13T09:56:05","slug":"evenements-prives-studio-pilates-location","status":"publish","type":"page","link":"http:\/\/www.pilatesdelateteauxpieds.com\/en\/evenements-prives-studio-pilates-location\/","title":{"rendered":"Privatisation du studio de Pilates \u00e0 Paris"},"content":{"rendered":"<section class=\"wpb-content-wrapper\"><div data-vc-full-width=\"true\" data-vc-full-width-init=\"false\" class=\"vc_row wpb_row vc_row-fluid\"><div class=\"wpb_column vc_column_container vc_col-sm-12 sc_layouts_column_icons_position_left\"><div class=\"vc_column-inner\"><div class=\"wpb_wrapper\">\n\t<div class=\"wpb_text_column wpb_content_element\" >\n\t\t<div class=\"wpb_wrapper\">\n\t\t\t<h2 style=\"text-align: center;\">Un moment bien-\u00eatre pour vos \u00e9v\u00e9nements priv\u00e9s<\/h2>\n<p>Vous recherchez une id\u00e9e originale et conviviale pour un \u00e9v\u00e9nement \u00e0 Paris ? Le studio Pilates de la t\u00eate aux pieds vous accueille pour la privatisation de son espace et l\u2019organisation de s\u00e9ances de Pilates sur mesure.<\/p>\n<p>Situ\u00e9 au c\u0153ur du 2\u1d49 arrondissement, notre studio lumineux et enti\u00e8rement \u00e9quip\u00e9 peut accueillir des petits groupes pour un moment \u00e0 la fois dynamique, accessible et f\u00e9d\u00e9rateur. L\u2019encadrement est assur\u00e9 par des professeurs exp\u00e9riment\u00e9s, attentifs au niveau et aux besoins de chacun.<\/p>\n\n\t\t<\/div>\n\t<\/div>\n<div class=\"vc_empty_space\"   style=\"height: 64px\"><span class=\"vc_empty_space_inner\"><\/span><\/div><\/div><\/div><\/div><\/div><div class=\"vc_row-full-width vc_clearfix\"><\/div><div class=\"vc_row wpb_row vc_row-fluid\"><div class=\"wpb_column vc_column_container vc_col-sm-6 sc_layouts_column_icons_position_left\"><div class=\"vc_column-inner\"><div class=\"wpb_wrapper\">\t<div id=\"sc_image_1104743005\"\n\t\t\tclass=\"sc_image sc_image_default\"><img decoding=\"async\" src=\"http:\/\/www.pilatesdelateteauxpieds.com\/wp-content\/uploads\/2021\/06\/pilates-cours-participants28-BD.jpg\" alt=\"\"><\/div><!-- \/.sc_image -->\t\n<div class=\"vc_empty_space\"   style=\"height: 3em\"><span class=\"vc_empty_space_inner\"><\/span><\/div><\/div><\/div><\/div><div class=\"wpb_column vc_column_container vc_col-sm-6 sc_layouts_column_icons_position_left\"><div class=\"vc_column-inner\"><div class=\"wpb_wrapper\">\n\t<div class=\"wpb_text_column wpb_content_element  vc_custom_1771083092048\" >\n\t\t<div class=\"wpb_wrapper\">\n\t\t\t<h4>Pour quels \u00e9v\u00e9nements ?<\/h4>\n<p data-start=\"913\" data-end=\"957\">La privatisation du studio est id\u00e9ale pour :<\/p>\n<ul data-start=\"959\" data-end=\"1145\">\n<li data-start=\"959\" data-end=\"1003\">\n<p data-start=\"961\" data-end=\"1003\">Enterrement de vie de jeune fille (EVJF)<\/p>\n<\/li>\n<li data-start=\"1004\" data-end=\"1030\">\n<p data-start=\"1006\" data-end=\"1030\">Anniversaire bien-\u00eatre<\/p>\n<\/li>\n<li data-start=\"1004\" data-end=\"1030\">Team building<\/li>\n<li data-start=\"1031\" data-end=\"1053\">\n<p data-start=\"1033\" data-end=\"1053\">Atelier entre amis<\/p>\n<\/li>\n<li data-start=\"1097\" data-end=\"1145\">\n<p data-start=\"1099\" data-end=\"1145\">Moment d\u00e9tente avant un mariage ou un voyage<\/p>\n<\/li>\n<\/ul>\n<p style=\"text-align: left;\" data-start=\"1147\" data-end=\"1274\">Chaque s\u00e9ance est adapt\u00e9e au groupe et vos envies pour cet \u00e9v\u00e9nement sp\u00e9cial.<\/p>\n\n\t\t<\/div>\n\t<\/div>\n<div class=\"vc_empty_space\"   style=\"height: 2em\"><span class=\"vc_empty_space_inner\"><\/span><\/div><div class=\"sc_item_button sc_button_wrap\"><a href=\"https:\/\/www.pilatesdelateteauxpieds.com\/en\/qu-est-ce-que-le-pilates-explications\/\" id=\"sc_button_1043854022\" class=\"sc_button sc_button_accent sc_button_size_small sc_button_icon_left\"><span class=\"sc_button_text\"><span class=\"sc_button_title\">En savoir plus sur le Pilates<\/span><\/span><!-- \/.sc_button_text --><\/a><!-- \/.sc_button --><\/div><!-- \/.sc_item_button --><div class=\"vc_empty_space\"   style=\"height: 2em\"><span class=\"vc_empty_space_inner\"><\/span><\/div><\/div><\/div><\/div><\/div><div class=\"vc_row wpb_row vc_row-fluid\"><div class=\"wpb_column vc_column_container vc_col-sm-12 sc_layouts_column_icons_position_left\"><div class=\"vc_column-inner\"><div class=\"wpb_wrapper\"><div class=\"vc_empty_space\"   style=\"height: 52px\"><span class=\"vc_empty_space_inner\"><\/span><\/div><\/div><\/div><\/div><\/div><div class=\"vc_row wpb_row vc_row-fluid\"><div class=\"wpb_column vc_column_container vc_col-sm-6 sc_layouts_column_icons_position_left\"><div class=\"vc_column-inner\"><div class=\"wpb_wrapper\">\n\t<div class=\"wpb_text_column wpb_content_element  vc_custom_1771082910481\" >\n\t\t<div class=\"wpb_wrapper\">\n\t\t\t<h4>Organisation et r\u00e9servation<\/h4>\n<p>Les privatisations se font sur demande, selon les disponibilit\u00e9s du studio.<br \/>\nPour recevoir un devis ou discuter de votre projet, contactez-nous par email ou t\u00e9l\u00e9phone.<\/p>\n<p>Offrez \u00e0 votre groupe une parenth\u00e8se de mouvement et de bien-\u00eatre dans un studio de Pilates \u00e0 Paris, calme et accueillant.<\/p>\n<p>Contactez directement Emily pour discuter de votre \u00e9v\u00e9nement et r\u00e9server.<\/p>\n\n\t\t<\/div>\n\t<\/div>\n<div class=\"vc_empty_space\"   style=\"height: 2em\"><span class=\"vc_empty_space_inner\"><\/span><\/div><div class=\"sc_item_button sc_button_wrap\"><a href=\"https:\/\/www.pilatesdelateteauxpieds.com\/en\/contact-reservation-cours-pilates-paris\/\" id=\"sc_button_916690146\" class=\"sc_button sc_button_accent sc_button_size_small sc_button_icon_left\"><span class=\"sc_button_text\"><span class=\"sc_button_title\">Contact Emily<\/span><\/span><!-- \/.sc_button_text --><\/a><!-- \/.sc_button --><\/div><!-- \/.sc_item_button --><div class=\"vc_empty_space\"   style=\"height: 2em\"><span class=\"vc_empty_space_inner\"><\/span><\/div><\/div><\/div><\/div><div class=\"wpb_column vc_column_container vc_col-sm-6 sc_layouts_column_icons_position_left\"><div class=\"vc_column-inner\"><div class=\"wpb_wrapper\">\t<div id=\"sc_image_1067078166\"\n\t\t\tclass=\"sc_image sc_image_default\"><img decoding=\"async\" src=\"http:\/\/www.pilatesdelateteauxpieds.com\/wp-content\/uploads\/2021\/05\/pilatesdelateteauxpieds-studio-pilates-de-la-tete-aux-pieds-043-1170x898.jpg\" alt=\"\"><\/div><!-- \/.sc_image -->\t\n<div class=\"vc_empty_space  hide_on_mobile\"   style=\"height: 3em\"><span class=\"vc_empty_space_inner\"><\/span><\/div><\/div><\/div><\/div><\/div><div class=\"vc_row wpb_row vc_row-fluid\"><div class=\"wpb_column vc_column_container vc_col-sm-12 sc_layouts_column_icons_position_left\"><div class=\"vc_column-inner\"><div class=\"wpb_wrapper\"><div class=\"vc_empty_space\"   style=\"height: 52px\"><span class=\"vc_empty_space_inner\"><\/span><\/div><div class=\"sc_testimonials sc_testimonials_default\" data-slides-min-width=\"150\"\t\t>\n\t\t<div class=\"sc_testimonials_content sc_item_content\"><div class=\"sc_testimonials_item\">\n\t<div class=\"sc_testimonials_item_content\">\n<p>Emily a anim\u00e9 pour nous un cours priv\u00e9 dans le cadre d&#8217;un EVJF. C&#8217;\u00e9tait absolument parfait, elle s&#8217;est gentiment investie dans la pr\u00e9paration et le jour J, nous avons eu un cours super, dans la bonne humeur et la bienveillance. Emily a r\u00e9ussi \u00e0 adapter le cours \u00e0 tous les niveaux repr\u00e9sent\u00e9s, les participant\/participantes \u00e9taient ravis ! Bravo et merci encore !<br><\/p>\n\n\n\n<p><\/p>\n<\/div>\n\t<div class=\"sc_testimonials_item_author\">\n\t\t\t\t<div class=\"sc_testimonials_item_author_data\">\n\t\t\t<h4 class=\"sc_testimonials_item_author_title\">Charlotte<\/h4>\n\t\t\t<div class=\"sc_testimonials_item_author_subtitle\"><\/div>\n\t\t<\/div>\n\t<\/div>\n<\/div>\n<\/div><\/div><!-- \/.sc_testimonials --><\/div><\/div><\/div><\/div>\n<\/section>","protected":false},"excerpt":{"rendered":"Emily a anim\u00e9 pour nous un cours priv\u00e9 dans le cadre d'un EVJF. C'\u00e9tait absolument parfait, elle s'est gentiment investie dans la pr\u00e9paration et le jour J, nous avons eu un cours super, dans la bonne humeur et la bienveillance. Emily a r\u00e9ussi \u00e0 adapter le cours \u00e0 tous les niveaux repr\u00e9sent\u00e9s, les participant\/participantes \u00e9taient ravis ! Bravo et merci&hellip;","protected":false},"author":7,"featured_media":0,"parent":0,"menu_order":0,"comment_status":"closed","ping_status":"closed","template":"","meta":{"footnotes":""},"class_list":["post-3055","page","type-page","status-publish","hentry"],"_links":{"self":[{"href":"http:\/\/www.pilatesdelateteauxpieds.com\/en\/wp-json\/wp\/v2\/pages\/3055","targetHints":{"allow":["GET"]}}],"collection":[{"href":"http:\/\/www.pilatesdelateteauxpieds.com\/en\/wp-json\/wp\/v2\/pages"}],"about":[{"href":"http:\/\/www.pilatesdelateteauxpieds.com\/en\/wp-json\/wp\/v2\/types\/page"}],"author":[{"embeddable":true,"href":"http:\/\/www.pilatesdelateteauxpieds.com\/en\/wp-json\/wp\/v2\/users\/7"}],"replies":[{"embeddable":true,"href":"http:\/\/www.pilatesdelateteauxpieds.com\/en\/wp-json\/wp\/v2\/comments?post=3055"}],"version-history":[{"count":14,"href":"http:\/\/www.pilatesdelateteauxpieds.com\/en\/wp-json\/wp\/v2\/pages\/3055\/revisions"}],"predecessor-version":[{"id":3098,"href":"http:\/\/www.pilatesdelateteauxpieds.com\/en\/wp-json\/wp\/v2\/pages\/3055\/revisions\/3098"}],"wp:attachment":[{"href":"http:\/\/www.pilatesdelateteauxpieds.com\/en\/wp-json\/wp\/v2\/media?parent=3055"}],"curies":[{"name":"wp","href":"https:\/\/api.w.org\/{rel}","templated":true}]}}