{"id":1914,"date":"2021-03-18T19:23:53","date_gmt":"2021-03-18T18:23:53","guid":{"rendered":"http:\/\/pilatesdelateteauxpieds.com\/?page_id=1914"},"modified":"2021-11-09T22:56:31","modified_gmt":"2021-11-09T21:56:31","slug":"contact-reservation-cours-pilates-paris","status":"publish","type":"page","link":"http:\/\/www.pilatesdelateteauxpieds.com\/en\/contact-reservation-cours-pilates-paris\/","title":{"rendered":"Contact me for information"},"content":{"rendered":"<section class=\"wpb-content-wrapper\"><div class=\"vc_row wpb_row vc_row-fluid\"><div class=\"sc_form wpb_column vc_column_container vc_col-sm-12 vc_col-lg-4 vc_col-md-4 vc_col-xs-12 sc_layouts_column_icons_position_left\"><div class=\"vc_column-inner\"><div class=\"wpb_wrapper\"><div id=\"sc_icons_2024072270\" \n\tclass=\"sc_icons sc_icons_modern sc_icons_size_medium sc_align_left\"><div class=\"sc_icons_columns sc_item_columns trx_addons_columns_wrap columns_padding_bottom\"><div class=\"trx_addons_column-1_5\"><div class=\"sc_icons_item\"><div id=\"sc_icons_2024072270_icon-location\" class=\"sc_icons_icon sc_icon_type_fontawesome icon-location\"\n\t\t\t\t\t\t\t\t\t\t\t\t><\/div><h4 class=\"sc_icons_item_title\"><span>Address:<\/span><\/h4><div class=\"sc_icons_item_description\"><span>192 rue Saint Denis, Paris 2nd, first floor<\/span><\/div><\/div><\/div><div class=\"trx_addons_column-1_5\"><div class=\"sc_icons_item\"><div id=\"sc_icons_2024072270_fas fa-subway\" class=\"sc_icons_icon sc_icon_type_fontawesome fas fa-subway\"\n\t\t\t\t\t\t\t\t\t\t\t\t><\/div><h4 class=\"sc_icons_item_title\"><span>Metro stops:<\/span><\/h4><div class=\"sc_icons_item_description\"><span>R\u00e9aumur-S\u00e9bastopol, Strasbourg-Saint Denis, Arts et M\u00e9tiers, Sentier.<\/span><\/div><\/div><\/div><div class=\"trx_addons_column-1_5\"><div class=\"sc_icons_item sc_icons_item_linked\"><div id=\"sc_icons_2024072270_icon-phone-1\" class=\"sc_icons_icon sc_icon_type_fontawesome icon-phone-1\"\n\t\t\t\t\t\t\t\t\t\t\t\t><\/div><h4 class=\"sc_icons_item_title\"><span>Phone:<\/span><\/h4><div class=\"sc_icons_item_description\"><span>06 72 82 76 25<\/span><\/div><a href=\"tel:+33672827625%20\" class=\"sc_icons_item_link\"><\/a><\/div><\/div><div class=\"trx_addons_column-1_5\"><div class=\"sc_icons_item sc_icons_item_linked\"><div id=\"sc_icons_2024072270_icon-email\" class=\"sc_icons_icon sc_icon_type_fontawesome icon-email\"\n\t\t\t\t\t\t\t\t\t\t\t\t><\/div><h4 class=\"sc_icons_item_title\"><span>Email:<\/span><\/h4><div class=\"sc_icons_item_description\"><span>emily@pilatesdelateteauxpieds.com<\/span><\/div><a href=\"mailto:emily@pilatesdelateteauxpieds.com\" class=\"sc_icons_item_link\"><\/a><\/div><\/div><div class=\"trx_addons_column-1_5\"><div class=\"sc_icons_item\"><div id=\"sc_icons_2024072270_fas fa-euro-sign\" class=\"sc_icons_icon sc_icon_type_fontawesome fas fa-euro-sign\"\n\t\t\t\t\t\t\t\t\t\t\t\t><\/div><h4 class=\"sc_icons_item_title\"><span>Payment: <\/span><\/h4><div class=\"sc_icons_item_description\"><span>After class by cash or check, and via bank transfer.<\/span><\/div><\/div><\/div><\/div><\/div><!-- \/.sc_icons --><div class=\"vc_empty_space\"   style=\"height: 30px\"><span class=\"vc_empty_space_inner\"><\/span><\/div><\/div><\/div><\/div><div class=\"wpb_column vc_column_container vc_col-sm-12 vc_col-lg-8 vc_col-md-8 vc_col-xs-12 sc_layouts_column_icons_position_left\"><div class=\"vc_column-inner\"><div class=\"wpb_wrapper\">\n<div class=\"wpcf7 no-js\" id=\"wpcf7-f1761-o1\" lang=\"en-US\" dir=\"ltr\" data-wpcf7-id=\"1761\">\n<div class=\"screen-reader-response\"><p role=\"status\" aria-live=\"polite\" aria-atomic=\"true\"><\/p> <ul><\/ul><\/div>\n<form action=\"\/en\/wp-json\/wp\/v2\/pages\/1914#wpcf7-f1761-o1\" method=\"post\" class=\"wpcf7-form init\" aria-label=\"Contact form\" novalidate=\"novalidate\" data-status=\"init\" data-trp-original-action=\"\/en\/wp-json\/wp\/v2\/pages\/1914#wpcf7-f1761-o1\">\n<fieldset class=\"hidden-fields-container\"><input type=\"hidden\" name=\"_wpcf7\" value=\"1761\" \/><input type=\"hidden\" name=\"_wpcf7_version\" value=\"6.1.5\" \/><input type=\"hidden\" name=\"_wpcf7_locale\" value=\"en_US\" \/><input type=\"hidden\" name=\"_wpcf7_unit_tag\" value=\"wpcf7-f1761-o1\" \/><input type=\"hidden\" name=\"_wpcf7_container_post\" value=\"0\" \/><input type=\"hidden\" name=\"_wpcf7_posted_data_hash\" value=\"\" \/><input type=\"hidden\" name=\"_wpcf7_recaptcha_response\" value=\"\" \/>\n<\/fieldset>\n<div class=\"cf7_form_type_1_container\">\n\t<div class=\"columns_wrap\">\n\t\t<div class=\"column-1_2\">\n\t\t\t<p><span class=\"wpcf7-form-control-wrap\" data-name=\"your-name\"><input size=\"40\" maxlength=\"400\" class=\"wpcf7-form-control wpcf7-text wpcf7-validates-as-required\" aria-required=\"true\" aria-invalid=\"false\" placeholder=\"Name *\" value=\"\" type=\"text\" name=\"your-name\" \/><\/span>\n\t\t\t<\/p>\n\t\t<\/div>\n\t\t<div class=\"column-1_2\">\n\t\t\t<p><span class=\"wpcf7-form-control-wrap\" data-name=\"your-email\"><input size=\"40\" maxlength=\"400\" class=\"wpcf7-form-control wpcf7-email wpcf7-validates-as-required wpcf7-text wpcf7-validates-as-email\" aria-required=\"true\" aria-invalid=\"false\" placeholder=\"E-mail *\" value=\"\" type=\"email\" name=\"your-email\" \/><\/span>\n\t\t\t<\/p>\n\t\t<\/div>\n\t<\/div>\n\t<div class=\"column-1_1\">\n\t\t<p><span class=\"wpcf7-form-control-wrap\" data-name=\"your-subject\"><input size=\"40\" maxlength=\"400\" class=\"wpcf7-form-control wpcf7-text wpcf7-validates-as-required\" aria-required=\"true\" aria-invalid=\"false\" placeholder=\"Sujet *\" value=\"\" type=\"text\" name=\"your-subject\" \/><\/span>\n\t\t<\/p>\n\t<\/div>\n\t<div class=\"columns_wrap\">\n\t\t<div class=\"column-1_1\">\n\t\t\t<p><span class=\"wpcf7-form-control-wrap\" data-name=\"textarea-message\"><textarea cols=\"40\" rows=\"10\" maxlength=\"2000\" class=\"wpcf7-form-control wpcf7-textarea wpcf7-validates-as-required\" aria-required=\"true\" aria-invalid=\"false\" placeholder=\"Message *\" name=\"textarea-message\"><\/textarea><\/span>\n\t\t\t<\/p>\n\t\t<\/div>\n\t<\/div>\n\t<div class=\"columns_wrap\">\n\t\t<div class=\"column-1_1\">\n\t\t\t<p><span class=\"wpcf7-form-control-wrap\" data-name=\"acceptance-157\"><span class=\"wpcf7-form-control wpcf7-acceptance\"><span class=\"wpcf7-list-item\"><label><input type=\"checkbox\" name=\"acceptance-157\" value=\"1\" aria-invalid=\"false\" \/><span class=\"wpcf7-list-item-label\">By submitting this form, I agree that my data will be collected and stored to respond to my request.<\/span><\/label><\/span><\/span><\/span>\n\t\t\t<\/p>\n\t\t<\/div>\n\t<\/div>\n\t<div class=\"columns_wrap\">\n\t\t<div class=\"column-1_1\">\n\t\t\t<p><input class=\"wpcf7-form-control wpcf7-submit has-spinner\" type=\"submit\" value=\"Send message\" \/>\n\t\t\t<\/p>\n\t\t<\/div>\n\t<\/div>\n<\/div><div class=\"wpcf7-response-output\" aria-hidden=\"true\"><\/div>\n<input type=\"hidden\" name=\"trp-form-language\" value=\"en\"\/><\/form>\n<\/div>\n<div class=\"vc_empty_space\"   style=\"height: 6.6em\"><span class=\"vc_empty_space_inner\"><\/span><\/div><\/div><\/div><\/div><\/div><div data-vc-full-width=\"true\" data-vc-full-width-init=\"false\" data-vc-stretch-content=\"true\" class=\"vc_row wpb_row vc_row-fluid vc_row-no-padding\"><div class=\"wpb_column vc_column_container vc_col-sm-12 sc_layouts_column_icons_position_left\"><div class=\"vc_column-inner\"><div class=\"wpb_wrapper\"><div id=\"sc_googlemap_842441785_wrap\" class=\"sc_googlemap_wrap\"><div id=\"sc_googlemap_842441785\"\n\t\t\tclass=\"sc_googlemap sc_googlemap_default\"\n\t\t\t style=\"width:100%;height:240px;\"\t\t\tdata-zoom=\"12\"\n\t\t\tdata-style=\"default\"\n\n\t\t\t><iframe\n\t\t\t\t\tsrc=\"https:\/\/maps.google.com\/maps?t=m&output=embed&iwloc=near&z=12&q=Pilates+de+la+t%C3%AAte+aux+pieds%2C+192+rue+Saint+Denis%2C+75002+Paris\"\n\t\t\t\t\tscrolling=\"no\"\n\t\t\t\t\tmarginheight=\"0\"\n\t\t\t\t\tmarginwidth=\"0\"\n\t\t\t\t\tframeborder=\"0\"\n\t\t\t\t\taria-label=\"\"><\/iframe><\/div><\/div><!-- \/.sc_googlemap_wrap --><\/div><\/div><\/div><\/div><div class=\"vc_row-full-width vc_clearfix\"><\/div>\n<\/section>","protected":false},"excerpt":{"rendered":"Adresse :192 rue Saint Denis, Paris 2\u00e8me, au 1er \u00e9tageM\u00e9tros :R\u00e9aumur-S\u00e9bastopol, Strasbourg-Saint Denis, Arts et M\u00e9tiers, Sentier.Num\u00e9ro de t\u00e9l\u00e9phone :06 72 82 76 25Email :emily@pilatesdelateteauxpieds.comPaiement accept\u00e9 : Sur place, par ch\u00e8que, virement ou esp\u00e8ces. En soumettant ce formulaire, j'accepte que mes donn\u00e9es soient collect\u00e9es et stock\u00e9es pour r\u00e9pondre \u00e0 ma demande.","protected":false},"author":7,"featured_media":0,"parent":0,"menu_order":0,"comment_status":"closed","ping_status":"closed","template":"","meta":{"footnotes":""},"class_list":["post-1914","page","type-page","status-publish","hentry"],"_links":{"self":[{"href":"http:\/\/www.pilatesdelateteauxpieds.com\/en\/wp-json\/wp\/v2\/pages\/1914","targetHints":{"allow":["GET"]}}],"collection":[{"href":"http:\/\/www.pilatesdelateteauxpieds.com\/en\/wp-json\/wp\/v2\/pages"}],"about":[{"href":"http:\/\/www.pilatesdelateteauxpieds.com\/en\/wp-json\/wp\/v2\/types\/page"}],"author":[{"embeddable":true,"href":"http:\/\/www.pilatesdelateteauxpieds.com\/en\/wp-json\/wp\/v2\/users\/7"}],"replies":[{"embeddable":true,"href":"http:\/\/www.pilatesdelateteauxpieds.com\/en\/wp-json\/wp\/v2\/comments?post=1914"}],"version-history":[{"count":10,"href":"http:\/\/www.pilatesdelateteauxpieds.com\/en\/wp-json\/wp\/v2\/pages\/1914\/revisions"}],"predecessor-version":[{"id":2556,"href":"http:\/\/www.pilatesdelateteauxpieds.com\/en\/wp-json\/wp\/v2\/pages\/1914\/revisions\/2556"}],"wp:attachment":[{"href":"http:\/\/www.pilatesdelateteauxpieds.com\/en\/wp-json\/wp\/v2\/media?parent=1914"}],"curies":[{"name":"wp","href":"https:\/\/api.w.org\/{rel}","templated":true}]}}